{"id":8752,"date":"2025-03-05T10:44:32","date_gmt":"2025-03-05T16:44:32","guid":{"rendered":"https:\/\/psicologosyterapiadf.com.mx\/blog\/?page_id=8752"},"modified":"2025-03-05T10:44:32","modified_gmt":"2025-03-05T16:44:32","slug":"arturo-hernandez-vera","status":"publish","type":"page","link":"https:\/\/psicologosyterapiadf.com.mx\/blog\/arturo-hernandez-vera\/","title":{"rendered":"Arturo Hern\u00e1ndez Vera"},"content":{"rendered":"<div><img decoding=\"async\" loading=\"lazy\" class=\"aligncenter size-medium wp-image-8753\" src=\"https:\/\/psicologosyterapiadf.com.mx\/blog\/wp-content\/uploads\/2025\/03\/IMG-20200103-WA0037-225x300.jpg\" alt=\"\" width=\"225\" height=\"300\" srcset=\"https:\/\/psicologosyterapiadf.com.mx\/blog\/wp-content\/uploads\/2025\/03\/IMG-20200103-WA0037-225x300.jpg 225w, https:\/\/psicologosyterapiadf.com.mx\/blog\/wp-content\/uploads\/2025\/03\/IMG-20200103-WA0037.jpg 768w\" sizes=\"(max-width: 225px) 100vw, 225px\" \/><\/div>\n<div><\/div>\n<div><span class=\"s1\"><b><i>Arturo Hern\u00e1ndez tiene formaci\u00f3n en Filosof\u00eda y Psicoan\u00e1lisis<\/i>.<\/b> Desde el 2006 lleva pr\u00e1ctica cl\u00ednica con pacientes enfocado en trabajar con temas de autoestima y gesti\u00f3n de ansiedad.<\/span><\/div>\n<div><span class=\"s1\">\u00a0<\/span><\/div>\n<div>Ha encontrado en diversas expresiones f\u00edsicas como el triatl\u00f3n, la escalada y el tango una met\u00e1fora de orientaci\u00f3n para la vida, para la expresi\u00f3n, el autoconocimiento y la pr\u00e1ctica constante de una relaci\u00f3n arm\u00f3nica con los dem\u00e1s.<\/div>\n","protected":false},"excerpt":{"rendered":"<p>Arturo Hern\u00e1ndez tiene formaci\u00f3n en Filosof\u00eda y Psicoan\u00e1lisis. Desde el 2006 lleva pr\u00e1ctica cl\u00ednica con pacientes enfocado en trabajar con temas de autoestima y gesti\u00f3n de ansiedad. \u00a0 Ha encontrado en diversas expresiones f\u00edsicas como el triatl\u00f3n, la escalada y el tango una met\u00e1fora de orientaci\u00f3n para la vida, para la expresi\u00f3n, el autoconocimiento y &hellip; <a href=\"https:\/\/psicologosyterapiadf.com.mx\/blog\/arturo-hernandez-vera\/\" class=\"more-link\">Seguir leyendo <span class=\"screen-reader-text\">Arturo Hern\u00e1ndez Vera<\/span> <span class=\"meta-nav\">&rarr;<\/span><\/a><\/p>\n","protected":false},"author":1,"featured_media":0,"parent":0,"menu_order":0,"comment_status":"closed","ping_status":"closed","template":"","meta":[],"_links":{"self":[{"href":"https:\/\/psicologosyterapiadf.com.mx\/blog\/wp-json\/wp\/v2\/pages\/8752"}],"collection":[{"href":"https:\/\/psicologosyterapiadf.com.mx\/blog\/wp-json\/wp\/v2\/pages"}],"about":[{"href":"https:\/\/psicologosyterapiadf.com.mx\/blog\/wp-json\/wp\/v2\/types\/page"}],"author":[{"embeddable":true,"href":"https:\/\/psicologosyterapiadf.com.mx\/blog\/wp-json\/wp\/v2\/users\/1"}],"replies":[{"embeddable":true,"href":"https:\/\/psicologosyterapiadf.com.mx\/blog\/wp-json\/wp\/v2\/comments?post=8752"}],"version-history":[{"count":1,"href":"https:\/\/psicologosyterapiadf.com.mx\/blog\/wp-json\/wp\/v2\/pages\/8752\/revisions"}],"predecessor-version":[{"id":8754,"href":"https:\/\/psicologosyterapiadf.com.mx\/blog\/wp-json\/wp\/v2\/pages\/8752\/revisions\/8754"}],"wp:attachment":[{"href":"https:\/\/psicologosyterapiadf.com.mx\/blog\/wp-json\/wp\/v2\/media?parent=8752"}],"curies":[{"name":"wp","href":"https:\/\/api.w.org\/{rel}","templated":true}]}}