{"id":7379,"date":"2021-05-30T14:36:58","date_gmt":"2021-05-30T20:36:58","guid":{"rendered":"https:\/\/psicologosyterapiadf.com.mx\/blog\/?page_id=7379"},"modified":"2021-05-31T18:02:49","modified_gmt":"2021-06-01T00:02:49","slug":"psicologa-jessica-frid-huixquilucan","status":"publish","type":"page","link":"https:\/\/psicologosyterapiadf.com.mx\/blog\/psicologa-jessica-frid-huixquilucan\/","title":{"rendered":"Psic\u00f3loga Jessica Frid\u00a0en Huixquilucan"},"content":{"rendered":"<p><img decoding=\"async\" loading=\"lazy\" class=\"aligncenter size-medium wp-image-7388\" src=\"https:\/\/psicologosyterapiadf.com.mx\/blog\/wp-content\/uploads\/2021\/05\/Psicologa_Jessica-Frid-estado-mexico-huixquilucan--188x300.jpeg\" alt=\"\" width=\"188\" height=\"300\" srcset=\"https:\/\/psicologosyterapiadf.com.mx\/blog\/wp-content\/uploads\/2021\/05\/Psicologa_Jessica-Frid-estado-mexico-huixquilucan--188x300.jpeg 188w, https:\/\/psicologosyterapiadf.com.mx\/blog\/wp-content\/uploads\/2021\/05\/Psicologa_Jessica-Frid-estado-mexico-huixquilucan-.jpeg 200w\" sizes=\"(max-width: 188px) 100vw, 188px\" \/><\/p>\n<div>Celular: <a href=\"tel:\/\/5514735450\">5514735450<\/a><\/div>\n<div>CORREO\u00a0<a href=\"mailto:jessicafrid@hotmail.com\" target=\"_blank\" rel=\"noopener noreferrer\">jessicafrid@hotmail.com<\/a><\/div>\n<div>C\u00e9dula profesional- 11975286<\/div>\n<div>Clave unica de registro d poblaci\u00f3n<\/div>\n<div>FICJ670307MDFRRS00<\/div>\n<div><a href=\"http:\/\/jessicafrid.com\/\" target=\"_blank\" rel=\"noopener noreferrer\" data-saferedirecturl=\"https:\/\/www.google.com\/url?q=http:\/\/JESSICAFRID.COM&amp;source=gmail&amp;ust=1622428367473000&amp;usg=AFQjCNHBkRCAxKCrXFK4932sY1n_n4Taqw\">JESSICAFRID.COM<\/a><\/div>\n<div><\/div>\n<div>Licenciatura en psicolog\u00eda con maestr\u00eda en terapia de pareja, especialidad en adicciones, especialidad en terapia cognitivo conductual teamcbt.<\/div>\n<div><\/div>\n<div>Terapia centrada en la persona en un ambiente c\u00e1lido<\/div>\n<div style=\"text-align: left;\">Fuente de diana 299-401 Tecamachalco Huixquilucan M\u00e9xico.<\/div>\n<div><\/div>\n","protected":false},"excerpt":{"rendered":"<p>Celular: 5514735450 CORREO\u00a0jessicafrid@hotmail.com C\u00e9dula profesional- 11975286 Clave unica de registro d poblaci\u00f3n FICJ670307MDFRRS00 JESSICAFRID.COM Licenciatura en psicolog\u00eda con maestr\u00eda en terapia de pareja, especialidad en adicciones, especialidad en terapia cognitivo conductual teamcbt. Terapia centrada en la persona en un ambiente c\u00e1lido Fuente de diana 299-401 Tecamachalco Huixquilucan M\u00e9xico.<\/p>\n","protected":false},"author":1,"featured_media":0,"parent":0,"menu_order":0,"comment_status":"closed","ping_status":"closed","template":"","meta":[],"_links":{"self":[{"href":"https:\/\/psicologosyterapiadf.com.mx\/blog\/wp-json\/wp\/v2\/pages\/7379"}],"collection":[{"href":"https:\/\/psicologosyterapiadf.com.mx\/blog\/wp-json\/wp\/v2\/pages"}],"about":[{"href":"https:\/\/psicologosyterapiadf.com.mx\/blog\/wp-json\/wp\/v2\/types\/page"}],"author":[{"embeddable":true,"href":"https:\/\/psicologosyterapiadf.com.mx\/blog\/wp-json\/wp\/v2\/users\/1"}],"replies":[{"embeddable":true,"href":"https:\/\/psicologosyterapiadf.com.mx\/blog\/wp-json\/wp\/v2\/comments?post=7379"}],"version-history":[{"count":5,"href":"https:\/\/psicologosyterapiadf.com.mx\/blog\/wp-json\/wp\/v2\/pages\/7379\/revisions"}],"predecessor-version":[{"id":7390,"href":"https:\/\/psicologosyterapiadf.com.mx\/blog\/wp-json\/wp\/v2\/pages\/7379\/revisions\/7390"}],"wp:attachment":[{"href":"https:\/\/psicologosyterapiadf.com.mx\/blog\/wp-json\/wp\/v2\/media?parent=7379"}],"curies":[{"name":"wp","href":"https:\/\/api.w.org\/{rel}","templated":true}]}}