{"id":6108,"date":"2019-08-28T09:04:57","date_gmt":"2019-08-28T15:04:57","guid":{"rendered":"https:\/\/psicologosyterapiadf.com.mx\/blog\/?page_id=6108"},"modified":"2019-08-28T09:07:18","modified_gmt":"2019-08-28T15:07:18","slug":"maria-fernanda-gutierrez-sepulveda-letran-valle-mexico-df-ciudad-de-mexico-cdmx","status":"publish","type":"page","link":"https:\/\/psicologosyterapiadf.com.mx\/blog\/maria-fernanda-gutierrez-sepulveda-letran-valle-mexico-df-ciudad-de-mexico-cdmx\/","title":{"rendered":"Maria Fernanda Guti\u00e9rrez Sep\u00falveda, Letr\u00e1n Valle, M\u00e9xico D.F., Ciudad de M\u00e9xico, CDMX"},"content":{"rendered":"<p>Maria Fernanda Guti\u00e9rrez Sep\u00falveda, Letr\u00e1n Valle, M\u00e9xico D.F., Ciudad de M\u00e9xico, CDMX<\/p>\n<p><script async src=\"\/\/pagead2.googlesyndication.com\/pagead\/js\/adsbygoogle.js\"><\/script><br \/>\n<!-- Anuncio 1 --><br \/>\n<ins class=\"adsbygoogle\" style=\"display: inline-block; width: 300px; height: 250px;\" data-ad-client=\"ca-pub-3339317326966671\" data-ad-slot=\"9147716542\"><\/ins><br \/>\n<script>\n(adsbygoogle = window.adsbygoogle || []).push({});\n<\/script><\/p>\n<p><img decoding=\"async\" loading=\"lazy\" src=\"https:\/\/psicologosyterapiadf.com.mx\/blog\/wp-content\/uploads\/2019\/08\/Lic.-Maria-Fernanda-Guti\u00e9rrez-Sep\u00falveda-251x300.jpg\" alt=\"\" width=\"251\" height=\"300\" class=\"aligncenter size-medium wp-image-6109\" srcset=\"https:\/\/psicologosyterapiadf.com.mx\/blog\/wp-content\/uploads\/2019\/08\/Lic.-Maria-Fernanda-Guti\u00e9rrez-Sep\u00falveda-251x300.jpg 251w, https:\/\/psicologosyterapiadf.com.mx\/blog\/wp-content\/uploads\/2019\/08\/Lic.-Maria-Fernanda-Guti\u00e9rrez-Sep\u00falveda.jpg 443w\" sizes=\"(max-width: 251px) 100vw, 251px\" \/><br \/>\nTaj\u00edn 628, Letran Valle, Benito Ju\u00e1rez, M\u00e9xico D.F., Ciudad de M\u00e9xico, CDMX<\/p>\n<p><iframe loading=\"lazy\" src=\"https:\/\/www.google.com\/maps\/embed?pb=!1m18!1m12!1m3!1d3763.782594310442!2d-99.15754468600309!3d19.37856408691504!2m3!1f0!2f0!3f0!3m2!1i1024!2i768!4f13.1!3m3!1m2!1s0x85d1ffaf480ee241%3A0x5ef46cf946481f19!2sTaj%C3%ADn%20628%2C%20Letran%20Valle%2C%2003650%20Ciudad%20de%20M%C3%A9xico%2C%20CDMX!5e0!3m2!1ses!2smx!4v1567004588909!5m2!1ses!2smx\" width=\"600\" height=\"450\" frameborder=\"0\" style=\"border:0;\" allowfullscreen=\"\"><\/iframe><\/p>\n","protected":false},"excerpt":{"rendered":"<p>Maria Fernanda Guti\u00e9rrez Sep\u00falveda, Letr\u00e1n Valle, M\u00e9xico D.F., Ciudad de M\u00e9xico, CDMX Taj\u00edn 628, Letran Valle, Benito Ju\u00e1rez, M\u00e9xico D.F., Ciudad de M\u00e9xico, CDMX<\/p>\n","protected":false},"author":1,"featured_media":0,"parent":0,"menu_order":0,"comment_status":"closed","ping_status":"closed","template":"","meta":[],"_links":{"self":[{"href":"https:\/\/psicologosyterapiadf.com.mx\/blog\/wp-json\/wp\/v2\/pages\/6108"}],"collection":[{"href":"https:\/\/psicologosyterapiadf.com.mx\/blog\/wp-json\/wp\/v2\/pages"}],"about":[{"href":"https:\/\/psicologosyterapiadf.com.mx\/blog\/wp-json\/wp\/v2\/types\/page"}],"author":[{"embeddable":true,"href":"https:\/\/psicologosyterapiadf.com.mx\/blog\/wp-json\/wp\/v2\/users\/1"}],"replies":[{"embeddable":true,"href":"https:\/\/psicologosyterapiadf.com.mx\/blog\/wp-json\/wp\/v2\/comments?post=6108"}],"version-history":[{"count":1,"href":"https:\/\/psicologosyterapiadf.com.mx\/blog\/wp-json\/wp\/v2\/pages\/6108\/revisions"}],"predecessor-version":[{"id":6110,"href":"https:\/\/psicologosyterapiadf.com.mx\/blog\/wp-json\/wp\/v2\/pages\/6108\/revisions\/6110"}],"wp:attachment":[{"href":"https:\/\/psicologosyterapiadf.com.mx\/blog\/wp-json\/wp\/v2\/media?parent=6108"}],"curies":[{"name":"wp","href":"https:\/\/api.w.org\/{rel}","templated":true}]}}