{"id":5566,"date":"2019-06-23T11:59:28","date_gmt":"2019-06-23T17:59:28","guid":{"rendered":"https:\/\/psicologosyterapiadf.com.mx\/blog\/?page_id=5566"},"modified":"2019-06-23T11:59:28","modified_gmt":"2019-06-23T17:59:28","slug":"psicologa-carolina-ramirez-arias-miguel-hidalgo-mexico-df-ciudad-de-mexico-cdmx","status":"publish","type":"page","link":"https:\/\/psicologosyterapiadf.com.mx\/blog\/psicologa-carolina-ramirez-arias-miguel-hidalgo-mexico-df-ciudad-de-mexico-cdmx\/","title":{"rendered":"Psic\u00f3loga Carolina Ram\u00edrez Arias, Miguel Hidalgo, M\u00e9xico D.F., Ciudad de Mexico, CDMX"},"content":{"rendered":"<p>Psic\u00f3loga Carolina Ram\u00edrez Arias, Miguel Hidalgo, M\u00e9xico D.F., Ciudad de Mexico, CDMX<\/p>\n<p><script async src=\"\/\/pagead2.googlesyndication.com\/pagead\/js\/adsbygoogle.js\"><\/script><br \/>\n<!-- Anuncio 1 --><br \/>\n<ins class=\"adsbygoogle\" style=\"display: inline-block; width: 300px; height: 250px;\" data-ad-client=\"ca-pub-3339317326966671\" data-ad-slot=\"9147716542\"><\/ins><br \/>\n<script>\n(adsbygoogle = window.adsbygoogle || []).push({});\n<\/script><\/p>\n<p><img decoding=\"async\" loading=\"lazy\" src=\"https:\/\/psicologosyterapiadf.com.mx\/blog\/wp-content\/uploads\/2019\/06\/carolina-ramirezarias-251x300.jpg\" alt=\"\" width=\"251\" height=\"300\" class=\"aligncenter size-medium wp-image-5567\" srcset=\"https:\/\/psicologosyterapiadf.com.mx\/blog\/wp-content\/uploads\/2019\/06\/carolina-ramirezarias-251x300.jpg 251w, https:\/\/psicologosyterapiadf.com.mx\/blog\/wp-content\/uploads\/2019\/06\/carolina-ramirezarias.jpg 443w\" sizes=\"(max-width: 251px) 100vw, 251px\" \/><\/p>\n<p>Tel\u00e9fono:\u00a0<a class=\"telefono\" href=\"tel:044 55 1375 6268\">044 55 1375 6268<\/a><\/p>\n<p>Ejercito Nacional 573, interior 201, Miguel Hidalgo, M\u00e9xico D.F., Ciudad de M\u00e9xico, CDMX<br \/>\n<iframe loading=\"lazy\" src=\"https:\/\/www.google.com\/maps\/embed?pb=!1m18!1m12!1m3!1d3762.3991112014364!2d-99.19533878600193!3d19.438351886881044!2m3!1f0!2f0!3f0!3m2!1i1024!2i768!4f13.1!3m3!1m2!1s0x85d20206e4e30f61%3A0xd5b913bd91e28e58!2sinterior+201%2C+Av+Ej%C3%A9rcito+Nacional+573%2C+Granada%2C+11520+Ciudad+de+M%C3%A9xico%2C+CDMX!5e0!3m2!1ses!2smx!4v1561312734785!5m2!1ses!2smx\" width=\"600\" height=\"450\" frameborder=\"0\" style=\"border:0\" allowfullscreen><\/iframe><\/p>\n","protected":false},"excerpt":{"rendered":"<p>Psic\u00f3loga Carolina Ram\u00edrez Arias, Miguel Hidalgo, M\u00e9xico D.F., Ciudad de Mexico, CDMX Tel\u00e9fono:\u00a0044 55 1375 6268 Ejercito Nacional 573, interior 201, Miguel Hidalgo, M\u00e9xico D.F., Ciudad de M\u00e9xico, CDMX<\/p>\n","protected":false},"author":1,"featured_media":0,"parent":0,"menu_order":0,"comment_status":"closed","ping_status":"closed","template":"","meta":[],"_links":{"self":[{"href":"https:\/\/psicologosyterapiadf.com.mx\/blog\/wp-json\/wp\/v2\/pages\/5566"}],"collection":[{"href":"https:\/\/psicologosyterapiadf.com.mx\/blog\/wp-json\/wp\/v2\/pages"}],"about":[{"href":"https:\/\/psicologosyterapiadf.com.mx\/blog\/wp-json\/wp\/v2\/types\/page"}],"author":[{"embeddable":true,"href":"https:\/\/psicologosyterapiadf.com.mx\/blog\/wp-json\/wp\/v2\/users\/1"}],"replies":[{"embeddable":true,"href":"https:\/\/psicologosyterapiadf.com.mx\/blog\/wp-json\/wp\/v2\/comments?post=5566"}],"version-history":[{"count":1,"href":"https:\/\/psicologosyterapiadf.com.mx\/blog\/wp-json\/wp\/v2\/pages\/5566\/revisions"}],"predecessor-version":[{"id":5568,"href":"https:\/\/psicologosyterapiadf.com.mx\/blog\/wp-json\/wp\/v2\/pages\/5566\/revisions\/5568"}],"wp:attachment":[{"href":"https:\/\/psicologosyterapiadf.com.mx\/blog\/wp-json\/wp\/v2\/media?parent=5566"}],"curies":[{"name":"wp","href":"https:\/\/api.w.org\/{rel}","templated":true}]}}