{"id":5563,"date":"2019-06-23T11:54:54","date_gmt":"2019-06-23T17:54:54","guid":{"rendered":"https:\/\/psicologosyterapiadf.com.mx\/blog\/?page_id=5563"},"modified":"2019-06-23T11:55:04","modified_gmt":"2019-06-23T17:55:04","slug":"psicoanalista-loretta-nieto-gallegos-cuajimalpa-mexico-df-ciudad-de-mexico-cdmx","status":"publish","type":"page","link":"https:\/\/psicologosyterapiadf.com.mx\/blog\/psicoanalista-loretta-nieto-gallegos-cuajimalpa-mexico-df-ciudad-de-mexico-cdmx\/","title":{"rendered":"Psicoanalista Loretta Nieto Gallegos, Cuajimalpa, M\u00e9xico D.F., Ciudad de M\u00e9xico, CDMX"},"content":{"rendered":"<p>Psicoanalista Loretta Nieto Gallegos, Cuajimalpa, M\u00e9xico D.F., Ciudad de M\u00e9xico, CDMX<\/p>\n<p><script async src=\"\/\/pagead2.googlesyndication.com\/pagead\/js\/adsbygoogle.js\"><\/script><br \/>\n<!-- Anuncio 1 --><br \/>\n<ins class=\"adsbygoogle\" style=\"display: inline-block; width: 300px; height: 250px;\" data-ad-client=\"ca-pub-3339317326966671\" data-ad-slot=\"9147716542\"><\/ins><br \/>\n<script>\n(adsbygoogle = window.adsbygoogle || []).push({});\n<\/script><\/p>\n<p><img decoding=\"async\" loading=\"lazy\" src=\"https:\/\/psicologosyterapiadf.com.mx\/blog\/wp-content\/uploads\/2019\/06\/lorettnietogallego-251x300.jpg\" alt=\"\" width=\"251\" height=\"300\" class=\"aligncenter size-medium wp-image-5564\" srcset=\"https:\/\/psicologosyterapiadf.com.mx\/blog\/wp-content\/uploads\/2019\/06\/lorettnietogallego-251x300.jpg 251w, https:\/\/psicologosyterapiadf.com.mx\/blog\/wp-content\/uploads\/2019\/06\/lorettnietogallego.jpg 443w\" sizes=\"(max-width: 251px) 100vw, 251px\" \/><\/p>\n<p>Tel\u00e9fono:\u00a0<a class=\"telefono\" href=\"tel:044 55 4566 1865\">044 55 4566 1865<\/a><\/p>\n<p>Prolongacion Paseo de la Reforma 215, Cuajimalpa de Morelos, M\u00e9xico D.F., Ciudad de M\u00e9xico, CDMX<br \/>\n<iframe loading=\"lazy\" src=\"https:\/\/www.google.com\/maps\/embed?pb=!1m18!1m12!1m3!1d3764.0459954668254!2d-99.2698742860034!3d19.367160986921494!2m3!1f0!2f0!3f0!3m2!1i1024!2i768!4f13.1!3m3!1m2!1s0x85d200cf9339ac89%3A0x6b6e31996ca4eca5!2sProlongacion+Paseo+de+la+Reforma+215%2C+Santa+Fe%2C+Paseo+de+las+Lomas%2C+01330+Ciudad+de+M%C3%A9xico%2C+CDMX!5e0!3m2!1ses!2smx!4v1561312486158!5m2!1ses!2smx\" width=\"600\" height=\"450\" frameborder=\"0\" style=\"border:0\" allowfullscreen><\/iframe><\/p>\n","protected":false},"excerpt":{"rendered":"<p>Psicoanalista Loretta Nieto Gallegos, Cuajimalpa, M\u00e9xico D.F., Ciudad de M\u00e9xico, CDMX Tel\u00e9fono:\u00a0044 55 4566 1865 Prolongacion Paseo de la Reforma 215, Cuajimalpa de Morelos, M\u00e9xico D.F., Ciudad de M\u00e9xico, CDMX<\/p>\n","protected":false},"author":1,"featured_media":0,"parent":0,"menu_order":0,"comment_status":"closed","ping_status":"closed","template":"","meta":[],"_links":{"self":[{"href":"https:\/\/psicologosyterapiadf.com.mx\/blog\/wp-json\/wp\/v2\/pages\/5563"}],"collection":[{"href":"https:\/\/psicologosyterapiadf.com.mx\/blog\/wp-json\/wp\/v2\/pages"}],"about":[{"href":"https:\/\/psicologosyterapiadf.com.mx\/blog\/wp-json\/wp\/v2\/types\/page"}],"author":[{"embeddable":true,"href":"https:\/\/psicologosyterapiadf.com.mx\/blog\/wp-json\/wp\/v2\/users\/1"}],"replies":[{"embeddable":true,"href":"https:\/\/psicologosyterapiadf.com.mx\/blog\/wp-json\/wp\/v2\/comments?post=5563"}],"version-history":[{"count":1,"href":"https:\/\/psicologosyterapiadf.com.mx\/blog\/wp-json\/wp\/v2\/pages\/5563\/revisions"}],"predecessor-version":[{"id":5565,"href":"https:\/\/psicologosyterapiadf.com.mx\/blog\/wp-json\/wp\/v2\/pages\/5563\/revisions\/5565"}],"wp:attachment":[{"href":"https:\/\/psicologosyterapiadf.com.mx\/blog\/wp-json\/wp\/v2\/media?parent=5563"}],"curies":[{"name":"wp","href":"https:\/\/api.w.org\/{rel}","templated":true}]}}