{"id":5434,"date":"2019-05-26T11:27:01","date_gmt":"2019-05-26T17:27:01","guid":{"rendered":"https:\/\/psicologosyterapiadf.com.mx\/blog\/?page_id=5434"},"modified":"2019-05-26T11:27:01","modified_gmt":"2019-05-26T17:27:01","slug":"psicologa-tania-gonzalez-tlalpan-mexico-df-ciudad-de-mexico-cdmx","status":"publish","type":"page","link":"https:\/\/psicologosyterapiadf.com.mx\/blog\/psicologa-tania-gonzalez-tlalpan-mexico-df-ciudad-de-mexico-cdmx\/","title":{"rendered":"Psic\u00f3loga Tania Gonz\u00e1lez, Tlalpan, Mexico, D.F., Ciudad de M\u00e9xico, CDMX"},"content":{"rendered":"<p>Psic\u00f3loga Tania Gonz\u00e1lez, Tlalpan, Mexico, D.F., Ciudad de M\u00e9xico, CDMX<\/p>\n<p><script async src=\"\/\/pagead2.googlesyndication.com\/pagead\/js\/adsbygoogle.js\"><\/script><br \/>\n<!-- Anuncio 1 --><br \/>\n<ins class=\"adsbygoogle\" style=\"display: inline-block; width: 300px; height: 250px;\" data-ad-client=\"ca-pub-3339317326966671\" data-ad-slot=\"9147716542\"><\/ins><br \/>\n<script>\n(adsbygoogle = window.adsbygoogle || []).push({});\n<\/script><\/p>\n<p><img decoding=\"async\" loading=\"lazy\" src=\"https:\/\/psicologosyterapiadf.com.mx\/blog\/wp-content\/uploads\/2019\/05\/taniagonz\u00e1lez-300x300.jpg\" alt=\"\" width=\"300\" height=\"300\" class=\"aligncenter size-medium wp-image-5435\" srcset=\"https:\/\/psicologosyterapiadf.com.mx\/blog\/wp-content\/uploads\/2019\/05\/taniagonz\u00e1lez-300x300.jpg 300w, https:\/\/psicologosyterapiadf.com.mx\/blog\/wp-content\/uploads\/2019\/05\/taniagonz\u00e1lez-80x80.jpg 80w, https:\/\/psicologosyterapiadf.com.mx\/blog\/wp-content\/uploads\/2019\/05\/taniagonz\u00e1lez.jpg 529w\" sizes=\"(max-width: 300px) 100vw, 300px\" \/><\/p>\n<p>Tel\u00e9fono:\u00a0<a class=\"telefono\" href=\"tel:01 55 1684 4510\">01 55 1684 4510<\/a><\/p>\n<p>Coapa 11, Toriello Guerra. Tlalpan (Zona de Hospitales), Tlalpan, M\u00e9xico, D.F., Ciudad de M\u00e9xico, CDMX<br \/>\n<iframe loading=\"lazy\" src=\"https:\/\/www.google.com\/maps\/embed?pb=!1m18!1m12!1m3!1d3765.7886758846707!2d-99.164128686005!3d19.291553986964605!2m3!1f0!2f0!3f0!3m2!1i1024!2i768!4f13.1!3m3!1m2!1s0x85ce0058b1d60fb3%3A0xe2d04afe6e1540a4!2sDr.+David+Ocampo+Fonseca%2C+Psiquiatr%C3%ADa%2C+Psicoterapia%2C+Sex%C3%B3logo.!5e0!3m2!1ses!2smx!4v1558891609554!5m2!1ses!2smx\" width=\"600\" height=\"450\" frameborder=\"0\" style=\"border:0\" allowfullscreen><\/iframe><\/p>\n","protected":false},"excerpt":{"rendered":"<p>Psic\u00f3loga Tania Gonz\u00e1lez, Tlalpan, Mexico, D.F., Ciudad de M\u00e9xico, CDMX Tel\u00e9fono:\u00a001 55 1684 4510 Coapa 11, Toriello Guerra. Tlalpan (Zona de Hospitales), Tlalpan, M\u00e9xico, D.F., Ciudad de M\u00e9xico, CDMX<\/p>\n","protected":false},"author":1,"featured_media":0,"parent":0,"menu_order":0,"comment_status":"closed","ping_status":"closed","template":"","meta":[],"_links":{"self":[{"href":"https:\/\/psicologosyterapiadf.com.mx\/blog\/wp-json\/wp\/v2\/pages\/5434"}],"collection":[{"href":"https:\/\/psicologosyterapiadf.com.mx\/blog\/wp-json\/wp\/v2\/pages"}],"about":[{"href":"https:\/\/psicologosyterapiadf.com.mx\/blog\/wp-json\/wp\/v2\/types\/page"}],"author":[{"embeddable":true,"href":"https:\/\/psicologosyterapiadf.com.mx\/blog\/wp-json\/wp\/v2\/users\/1"}],"replies":[{"embeddable":true,"href":"https:\/\/psicologosyterapiadf.com.mx\/blog\/wp-json\/wp\/v2\/comments?post=5434"}],"version-history":[{"count":1,"href":"https:\/\/psicologosyterapiadf.com.mx\/blog\/wp-json\/wp\/v2\/pages\/5434\/revisions"}],"predecessor-version":[{"id":5436,"href":"https:\/\/psicologosyterapiadf.com.mx\/blog\/wp-json\/wp\/v2\/pages\/5434\/revisions\/5436"}],"wp:attachment":[{"href":"https:\/\/psicologosyterapiadf.com.mx\/blog\/wp-json\/wp\/v2\/media?parent=5434"}],"curies":[{"name":"wp","href":"https:\/\/api.w.org\/{rel}","templated":true}]}}