{"id":4750,"date":"2018-09-07T23:56:26","date_gmt":"2018-09-08T05:56:26","guid":{"rendered":"https:\/\/psicologosyterapiadf.com.mx\/blog\/?page_id=4750"},"modified":"2018-09-11T07:29:25","modified_gmt":"2018-09-11T13:29:25","slug":"psicologa-alejandra-vazquez-mexico-df-ciudad-de-mexico-cdmx","status":"publish","type":"page","link":"https:\/\/psicologosyterapiadf.com.mx\/blog\/psicologa-alejandra-vazquez-mexico-df-ciudad-de-mexico-cdmx\/","title":{"rendered":"Psic\u00f3loga Alejandra V\u00e1zquez, M\u00e9xico, D.F., Ciudad de M\u00e9xico, CDMX."},"content":{"rendered":"<p>Psic\u00f3loga Alejandra V\u00e1zquez, M\u00e9xico, D.F., Ciudad de M\u00e9xico, CDMX.<\/p>\n<p><img decoding=\"async\" loading=\"lazy\" class=\"aligncenter size-medium wp-image-4751\" src=\"https:\/\/psicologosyterapiadf.com.mx\/blog\/wp-content\/uploads\/2018\/09\/unnamed-300x241.jpg\" alt=\"\" width=\"300\" height=\"241\" srcset=\"https:\/\/psicologosyterapiadf.com.mx\/blog\/wp-content\/uploads\/2018\/09\/unnamed-300x241.jpg 300w, https:\/\/psicologosyterapiadf.com.mx\/blog\/wp-content\/uploads\/2018\/09\/unnamed.jpg 622w\" sizes=\"(max-width: 300px) 100vw, 300px\" \/><\/p>\n<p>Psic\u00f3loga en Ciudad de M\u00e9xico Psic. Alejandra V\u00e1zquez Alan\u00eds https:\/\/www.facebook.com\/PsicAVazquez La importancia de la psicoterapia en ni\u00f1os y adolescentes.Se suele pensar que los ni\u00f1os y adolescentes no tienen la capacidad de sentir igual que los adultos, debido a esto se invalidan sus emociones y un tema que pudo haber sido algo f\u00e1cil de abordar se convierte en un trastorno complicado de tratar y rehabilitar, por esto como psic\u00f3loga cl\u00ednica creo en la importancia de la terapia preventiva antes de llegar a niveles que podr\u00edan requerir tratamientos psiqui\u00e1tricos a largo plazo. Soy psic\u00f3loga cl\u00ednica, con experiencia en Hospital Psiqui\u00e1trico Infantil \u201cDr. Juan N. Navarro\u201d y Centros de Integraci\u00f3n Juvenil, cuento con un diplomado en Psicolog\u00eda Forense, Estructuraci\u00f3n del car\u00e1cter y terapias. \u201cLa felicidad no es la ausencia de problemas, sino la habilidad para lidiar con ellos\u201d \u2013An\u00f3nimo Lic. Alejandra V\u00e1zquez Alan\u00eds <\/p>\n<p>Tel\u00e9fono:\u00a0<a class=\"telefono\" href=\"tel:55 4860 9228\">55 4860 9228<\/a><\/p>\n<p>Link a Correo:<br \/>\n<a title=\"\" href=\"mailto:psicavazquez@gmail.com\"><span style=\"color: #3366ff;\">psicavazquez@gmail.com<\/span><\/a><\/p>\n<p>Ciudad de M\u00e9xico, CDMX, Distrito Federal, DF.<\/p>\n<p><iframe loading=\"lazy\" style=\"border: 0;\" src=\"https:\/\/www.google.com\/maps\/embed?pb=!1m18!1m12!1m3!1d481728.80464874604!2d-99.42382062783621!3d19.390519016496235!2m3!1f0!2f0!3f0!3m2!1i1024!2i768!4f13.1!3m3!1m2!1s0x85ce0026db097507%3A0x54061076265ee841!2sCiudad+de+M%C3%A9xico%2C+CDMX!5e0!3m2!1ses!2smx!4v1536386010066\" width=\"600\" height=\"450\" frameborder=\"0\" allowfullscreen=\"allowfullscreen\"><\/iframe><\/p>\n","protected":false},"excerpt":{"rendered":"<p>Psic\u00f3loga Alejandra V\u00e1zquez, M\u00e9xico, D.F., Ciudad de M\u00e9xico, CDMX. Psic\u00f3loga en Ciudad de M\u00e9xico Psic. Alejandra V\u00e1zquez Alan\u00eds https:\/\/www.facebook.com\/PsicAVazquez La importancia de la psicoterapia en ni\u00f1os y adolescentes.Se suele pensar que los ni\u00f1os y adolescentes no tienen la capacidad de sentir igual que los adultos, debido a esto se invalidan sus emociones y un tema &hellip; <a href=\"https:\/\/psicologosyterapiadf.com.mx\/blog\/psicologa-alejandra-vazquez-mexico-df-ciudad-de-mexico-cdmx\/\" class=\"more-link\">Seguir leyendo <span class=\"screen-reader-text\">Psic\u00f3loga Alejandra V\u00e1zquez, M\u00e9xico, D.F., Ciudad de M\u00e9xico, CDMX.<\/span> <span class=\"meta-nav\">&rarr;<\/span><\/a><\/p>\n","protected":false},"author":1,"featured_media":0,"parent":0,"menu_order":0,"comment_status":"closed","ping_status":"closed","template":"","meta":[],"_links":{"self":[{"href":"https:\/\/psicologosyterapiadf.com.mx\/blog\/wp-json\/wp\/v2\/pages\/4750"}],"collection":[{"href":"https:\/\/psicologosyterapiadf.com.mx\/blog\/wp-json\/wp\/v2\/pages"}],"about":[{"href":"https:\/\/psicologosyterapiadf.com.mx\/blog\/wp-json\/wp\/v2\/types\/page"}],"author":[{"embeddable":true,"href":"https:\/\/psicologosyterapiadf.com.mx\/blog\/wp-json\/wp\/v2\/users\/1"}],"replies":[{"embeddable":true,"href":"https:\/\/psicologosyterapiadf.com.mx\/blog\/wp-json\/wp\/v2\/comments?post=4750"}],"version-history":[{"count":6,"href":"https:\/\/psicologosyterapiadf.com.mx\/blog\/wp-json\/wp\/v2\/pages\/4750\/revisions"}],"predecessor-version":[{"id":4771,"href":"https:\/\/psicologosyterapiadf.com.mx\/blog\/wp-json\/wp\/v2\/pages\/4750\/revisions\/4771"}],"wp:attachment":[{"href":"https:\/\/psicologosyterapiadf.com.mx\/blog\/wp-json\/wp\/v2\/media?parent=4750"}],"curies":[{"name":"wp","href":"https:\/\/api.w.org\/{rel}","templated":true}]}}