{"id":4083,"date":"2018-02-22T07:57:53","date_gmt":"2018-02-22T13:57:53","guid":{"rendered":"http:\/\/psicologosyterapiadf.com.mx\/blog\/?page_id=4083"},"modified":"2018-02-22T07:57:53","modified_gmt":"2018-02-22T13:57:53","slug":"neurocom-colonia-del-valle-mexico-df-ciudad-de-mexico-cdmx","status":"publish","type":"page","link":"https:\/\/psicologosyterapiadf.com.mx\/blog\/neurocom-colonia-del-valle-mexico-df-ciudad-de-mexico-cdmx\/","title":{"rendered":"Neurocom, Colonia del Valle, M\u00e9xico, D.F. Ciudad de M\u00e9xico, CDMX"},"content":{"rendered":"<p>Neurocom, Colonia del Valle, M\u00e9xico, D.F. Ciudad de M\u00e9xico, CDMX<\/p>\n<p><!-- Anuncio 1 --><ins class=\"adsbygoogle\" style=\"display: inline-block; width: 300px; height: 250px;\" data-ad-=\"\"><\/ins><script>(adsbygoogle = <\/p>\n<p>window.adsbygoogle || []).push({});<\/script><\/p>\n<p><img decoding=\"async\" loading=\"lazy\" class=\"aligncenter size-full wp-image-3654\" src=\"http:\/\/psicologosyterapiadf.com.mx\/blog\/wp-content\/uploads\/2018\/01\/simbolopsi.png\" alt=\"\" width=\"160\" height=\"160\" srcset=\"https:\/\/psicologosyterapiadf.com.mx\/blog\/wp-content\/uploads\/2018\/01\/simbolopsi.png 160w, https:\/\/psicologosyterapiadf.com.mx\/blog\/wp-content\/uploads\/2018\/01\/simbolopsi-150x150.png 150w\" sizes=\"(max-width: 160px) 100vw, 160px\" \/><\/p>\n<p>Tel\u00e9fono:<br \/>\n01 55 5536 5637<\/p>\n<p>Aniceto Ortega 633, Colonia Del Valle, Delegaci\u00f3n Benito Ju\u00e1rez, Ciudad de M\u00e9xico, CDMX, Distrito Federal, DF.<\/p>\n<p><iframe loading=\"lazy\" style=\"border: 0;\" src=\"https:\/\/www.google.com\/maps\/embed?pb=!1m18!1m12!1m3!1d3763.6774111865416!2d-99.16672368571895!3d19.383115847285243!2m3!1f0!2f0!3f0!3m2!1i1024!2i768!4f13.1!3m3!1m2!1s0x85d1ffa0f315aafb%3A0xddb454b13c668d01!2sAniceto+Ortega+633%2C+Col+del+Valle+Centro%2C+03100+Ciudad+de+M%C3%A9xico%2C+CDMX!5e0!3m2!1ses!2smx!4v1519307808704\" width=\"600\" height=\"450\" frameborder=\"0\" allowfullscreen=\"allowfullscreen\"><\/iframe><\/p>\n","protected":false},"excerpt":{"rendered":"<p>Neurocom, Colonia del Valle, M\u00e9xico, D.F. Ciudad de M\u00e9xico, CDMX Tel\u00e9fono: 01 55 5536 5637 Aniceto Ortega 633, Colonia Del Valle, Delegaci\u00f3n Benito Ju\u00e1rez, Ciudad de M\u00e9xico, CDMX, Distrito Federal, DF.<\/p>\n","protected":false},"author":1,"featured_media":0,"parent":0,"menu_order":0,"comment_status":"closed","ping_status":"closed","template":"","meta":[],"_links":{"self":[{"href":"https:\/\/psicologosyterapiadf.com.mx\/blog\/wp-json\/wp\/v2\/pages\/4083"}],"collection":[{"href":"https:\/\/psicologosyterapiadf.com.mx\/blog\/wp-json\/wp\/v2\/pages"}],"about":[{"href":"https:\/\/psicologosyterapiadf.com.mx\/blog\/wp-json\/wp\/v2\/types\/page"}],"author":[{"embeddable":true,"href":"https:\/\/psicologosyterapiadf.com.mx\/blog\/wp-json\/wp\/v2\/users\/1"}],"replies":[{"embeddable":true,"href":"https:\/\/psicologosyterapiadf.com.mx\/blog\/wp-json\/wp\/v2\/comments?post=4083"}],"version-history":[{"count":0,"href":"https:\/\/psicologosyterapiadf.com.mx\/blog\/wp-json\/wp\/v2\/pages\/4083\/revisions"}],"wp:attachment":[{"href":"https:\/\/psicologosyterapiadf.com.mx\/blog\/wp-json\/wp\/v2\/media?parent=4083"}],"curies":[{"name":"wp","href":"https:\/\/api.w.org\/{rel}","templated":true}]}}