{"id":3113,"date":"2017-08-12T21:55:25","date_gmt":"2017-08-13T03:55:25","guid":{"rendered":"http:\/\/psicologosyterapiadf.com.mx\/blog\/?page_id=3113"},"modified":"2017-08-12T21:55:25","modified_gmt":"2017-08-13T03:55:25","slug":"sesion-creativa-atencion-psicologica-a-ninos","status":"publish","type":"page","link":"https:\/\/psicologosyterapiadf.com.mx\/blog\/sesion-creativa-atencion-psicologica-a-ninos\/","title":{"rendered":"Sesi\u00f3n Creativa. Atenci\u00f3n Psicologica a Ni\u00f1os"},"content":{"rendered":"<p><script async src=\"\/\/pagead2.googlesyndication.com\/pagead\/js\/adsbygoogle.js\"><\/script><br \/>\n<!-- Anuncio 1 --><br \/>\n<ins class=\"adsbygoogle\" style=\"display: inline-block; width: 300px; height: 250px;\" data-ad-client=\"ca-pub-3339317326966671\" data-ad-slot=\"9147716542\"><\/ins><br \/>\n<script>\n(adsbygoogle = window.adsbygoogle || []).push({});\n<\/script><\/p>\n<p>Sesi\u00f3n Creativa. Atenci\u00f3n Psicologica a Ni\u00f1os<\/p>\n<p><script async src=\"\/\/pagead2.googlesyndication.com\/pagead\/js\/adsbygoogle.js\"><\/script><br \/>\n<!-- Anuncio 1 --><br \/>\n<ins class=\"adsbygoogle\" style=\"display: inline-block; width: 300px; height: 250px;\" data-ad-client=\"ca-pub-3339317326966671\" data-ad-slot=\"9147716542\"><\/ins><br \/>\n<script>\n(adsbygoogle = window.adsbygoogle || []).push({});\n<\/script><\/p>\n<p><img decoding=\"async\" loading=\"lazy\" src=\"http:\/\/psicologosyterapiadf.com.mx\/blog\/wp-content\/uploads\/2017\/08\/100.jpg\" alt=\"Sesi\u00f3n Creativa. Atenci\u00f3n Psicologica a Ni\u00f1os colonia del valle M\u00e9xico Distrito Federal DF CDMX\" width=\"282\" height=\"179\" class=\"aligncenter size-full wp-image-3114\" \/><\/p>\n<p>Especialidades Ansiedad, Depresi\u00f3n, Estr\u00e9s Conductas Adictivas, Ludopat\u00eda Dificultades del Aprendizaje Dislexia, Disortograf\u00eda, Retraso lector Estimulaci\u00f3n Temprana Infantil Logopedia, Disfon\u00eda.<\/p>\n<p><script async src=\"\/\/pagead2.googlesyndication.com\/pagead\/js\/adsbygoogle.js\"><\/script><br \/>\n<!-- Anuncio 1 --><br \/>\n<ins class=\"adsbygoogle\" style=\"display: inline-block; width: 300px; height: 250px;\" data-ad-client=\"ca-pub-3339317326966671\" data-ad-slot=\"9147716542\"><\/ins><br \/>\n<script>\n(adsbygoogle = window.adsbygoogle || []).push({});\n<\/script><\/p>\n<p>Tejocotes 220, Col del Valle Sur,delegaci\u00f3n Benito Ju\u00e1rez, 03100 Ciudad de M\u00e9xico Distrito Federal DF CDMX.<\/p>\n","protected":false},"excerpt":{"rendered":"<p>Sesi\u00f3n Creativa. Atenci\u00f3n Psicologica a Ni\u00f1os Especialidades Ansiedad, Depresi\u00f3n, Estr\u00e9s Conductas Adictivas, Ludopat\u00eda Dificultades del Aprendizaje Dislexia, Disortograf\u00eda, Retraso lector Estimulaci\u00f3n Temprana Infantil Logopedia, Disfon\u00eda. Tejocotes 220, Col del Valle Sur,delegaci\u00f3n Benito Ju\u00e1rez, 03100 Ciudad de M\u00e9xico Distrito Federal DF CDMX.<\/p>\n","protected":false},"author":1,"featured_media":0,"parent":0,"menu_order":0,"comment_status":"closed","ping_status":"closed","template":"","meta":[],"_links":{"self":[{"href":"https:\/\/psicologosyterapiadf.com.mx\/blog\/wp-json\/wp\/v2\/pages\/3113"}],"collection":[{"href":"https:\/\/psicologosyterapiadf.com.mx\/blog\/wp-json\/wp\/v2\/pages"}],"about":[{"href":"https:\/\/psicologosyterapiadf.com.mx\/blog\/wp-json\/wp\/v2\/types\/page"}],"author":[{"embeddable":true,"href":"https:\/\/psicologosyterapiadf.com.mx\/blog\/wp-json\/wp\/v2\/users\/1"}],"replies":[{"embeddable":true,"href":"https:\/\/psicologosyterapiadf.com.mx\/blog\/wp-json\/wp\/v2\/comments?post=3113"}],"version-history":[{"count":0,"href":"https:\/\/psicologosyterapiadf.com.mx\/blog\/wp-json\/wp\/v2\/pages\/3113\/revisions"}],"wp:attachment":[{"href":"https:\/\/psicologosyterapiadf.com.mx\/blog\/wp-json\/wp\/v2\/media?parent=3113"}],"curies":[{"name":"wp","href":"https:\/\/api.w.org\/{rel}","templated":true}]}}