{"id":3044,"date":"2017-08-05T20:06:50","date_gmt":"2017-08-06T02:06:50","guid":{"rendered":"http:\/\/psicologosyterapiadf.com.mx\/blog\/?page_id=3044"},"modified":"2017-08-05T20:06:50","modified_gmt":"2017-08-06T02:06:50","slug":"psicologa-paulina-vargas-suayde-colonia-del-valle","status":"publish","type":"page","link":"https:\/\/psicologosyterapiadf.com.mx\/blog\/psicologa-paulina-vargas-suayde-colonia-del-valle\/","title":{"rendered":"Psic\u00f3loga Paulina Vargas Suayde Colonia del Valle"},"content":{"rendered":"<p><script async src=\"\/\/pagead2.googlesyndication.com\/pagead\/js\/adsbygoogle.js\"><\/script><br \/>\n<!-- Anuncio 1 --><br \/>\n<ins class=\"adsbygoogle\" style=\"display: inline-block; width: 300px; height: 250px;\" data-ad-client=\"ca-pub-3339317326966671\" data-ad-slot=\"9147716542\"><\/ins><br \/>\n<script>\n(adsbygoogle = window.adsbygoogle || []).push({});\n<\/script><\/p>\n<p>Psic\u00f3loga Paulina Vargas Suayde<\/p>\n<p><script async src=\"\/\/pagead2.googlesyndication.com\/pagead\/js\/adsbygoogle.js\"><\/script><br \/>\n<!-- Anuncio 1 --><br \/>\n<ins class=\"adsbygoogle\" style=\"display: inline-block; width: 300px; height: 250px;\" data-ad-client=\"ca-pub-3339317326966671\" data-ad-slot=\"9147716542\"><\/ins><br \/>\n<script>\n(adsbygoogle = window.adsbygoogle || []).push({});\n<\/script><\/p>\n<p><img decoding=\"async\" loading=\"lazy\" src=\"http:\/\/psicologosyterapiadf.com.mx\/blog\/wp-content\/uploads\/2017\/08\/Psic\u00f3loga-Paulina-Vargas-Suayde-Colonia-del-Valle.png\" alt=\"Psic\u00f3loga Paulina Vargas Suayde Colonia del Valle\" width=\"144\" height=\"117\" class=\"aligncenter size-full wp-image-3045\" \/><\/p>\n<p><script async src=\"\/\/pagead2.googlesyndication.com\/pagead\/js\/adsbygoogle.js\"><\/script><br \/>\n<!-- Anuncio 1 --><br \/>\n<ins class=\"adsbygoogle\" style=\"display: inline-block; width: 300px; height: 250px;\" data-ad-client=\"ca-pub-3339317326966671\" data-ad-slot=\"9147716542\"><\/ins><br \/>\n<script>\n(adsbygoogle = window.adsbygoogle || []).push({});\n<\/script><\/p>\n<p>Especializada en escuela para padres y terapia breve. Especialidades Adolescentes Adultos Anorexia, Bulimia y Obesidad Ansiedad, Depresi\u00f3n, Estr\u00e9s Conductas Adictivas, Ludopat\u00eda Dependencia emocional Dificultades del Aprendizaje.<\/p>\n<p>Gabriel Mancera #1815 Colonia Del Valle y Narvarte Ciudad de M\u00e9xico Distrito Federal DF CDMX, 03100<\/p>\n<p>Tel\u00e9fono: 5531918395<\/p>\n<p>E-mail: psicologiabalanceybienestar@gmail.com<\/p>\n","protected":false},"excerpt":{"rendered":"<p>Psic\u00f3loga Paulina Vargas Suayde Especializada en escuela para padres y terapia breve. Especialidades Adolescentes Adultos Anorexia, Bulimia y Obesidad Ansiedad, Depresi\u00f3n, Estr\u00e9s Conductas Adictivas, Ludopat\u00eda Dependencia emocional Dificultades del Aprendizaje. Gabriel Mancera #1815 Colonia Del Valle y Narvarte Ciudad de M\u00e9xico Distrito Federal DF CDMX, 03100 Tel\u00e9fono: 5531918395 E-mail: psicologiabalanceybienestar@gmail.com<\/p>\n","protected":false},"author":1,"featured_media":0,"parent":0,"menu_order":0,"comment_status":"closed","ping_status":"closed","template":"","meta":[],"_links":{"self":[{"href":"https:\/\/psicologosyterapiadf.com.mx\/blog\/wp-json\/wp\/v2\/pages\/3044"}],"collection":[{"href":"https:\/\/psicologosyterapiadf.com.mx\/blog\/wp-json\/wp\/v2\/pages"}],"about":[{"href":"https:\/\/psicologosyterapiadf.com.mx\/blog\/wp-json\/wp\/v2\/types\/page"}],"author":[{"embeddable":true,"href":"https:\/\/psicologosyterapiadf.com.mx\/blog\/wp-json\/wp\/v2\/users\/1"}],"replies":[{"embeddable":true,"href":"https:\/\/psicologosyterapiadf.com.mx\/blog\/wp-json\/wp\/v2\/comments?post=3044"}],"version-history":[{"count":0,"href":"https:\/\/psicologosyterapiadf.com.mx\/blog\/wp-json\/wp\/v2\/pages\/3044\/revisions"}],"wp:attachment":[{"href":"https:\/\/psicologosyterapiadf.com.mx\/blog\/wp-json\/wp\/v2\/media?parent=3044"}],"curies":[{"name":"wp","href":"https:\/\/api.w.org\/{rel}","templated":true}]}}