{"id":282,"date":"2015-08-05T14:22:49","date_gmt":"2015-08-05T20:22:49","guid":{"rendered":"http:\/\/psicologosyterapiadf.com.mx\/blog\/?page_id=282"},"modified":"2015-08-05T14:32:46","modified_gmt":"2015-08-05T20:32:46","slug":"282-2","status":"publish","type":"page","link":"https:\/\/psicologosyterapiadf.com.mx\/blog\/282-2\/","title":{"rendered":"Hasta en los celos hay razas"},"content":{"rendered":"<p>Hasta en los celos hay razas<\/p>\n<figure id=\"attachment_13\" aria-describedby=\"caption-attachment-13\" style=\"width: 300px\" class=\"wp-caption alignnone\"><a href=\"http:\/\/psicologosyterapiadf.com.mx\/blog\/wp-content\/uploads\/2015\/07\/celos1.jpg\"><img decoding=\"async\" loading=\"lazy\" class=\"size-medium wp-image-13\" src=\"http:\/\/psicologosyterapiadf.com.mx\/blog\/wp-content\/uploads\/2015\/07\/celos1-300x225.jpg\" alt=\"razas de celos\" width=\"300\" height=\"225\" srcset=\"https:\/\/psicologosyterapiadf.com.mx\/blog\/wp-content\/uploads\/2015\/07\/celos1-300x225.jpg 300w, https:\/\/psicologosyterapiadf.com.mx\/blog\/wp-content\/uploads\/2015\/07\/celos1-1024x768.jpg 1024w, https:\/\/psicologosyterapiadf.com.mx\/blog\/wp-content\/uploads\/2015\/07\/celos1.jpg 2048w\" sizes=\"(max-width: 300px) 100vw, 300px\" \/><\/a><figcaption id=\"caption-attachment-13\" class=\"wp-caption-text\">celos<\/figcaption><\/figure>\n<p>Durante mucho tiempo pens\u00e9 que los celos eran una manifestaci\u00f3n de inseguridad y baja autoestima, de personas patol\u00f3gicamente dependientes y primitvas\u2026<\/p>\n<p>&nbsp;<\/p>\n<p>As\u00ed pensaba de los celos, hasta que los sent\u00ed. Entonces, me he dado cuenta que con el paso de los a\u00f1os me he vuelto m\u00e1s celoso, ir\u00f3nicamente, me he sentido m\u00e1s seguro y he disfrutado de relaciones m\u00e1s intensas y profundas. Es probable que conforme pase m\u00e1s tiempo, me vuelva a\u00fan m\u00e1s celoso. Siento celos con alguien que me gusta, siento celos con alguien con quien he convivido mucho tiempo\u2026 Sea pareja, amistad, familia\u2026 En cualquier relaci\u00f3n pueden manifestarse tendencias territoriales, no importando la edad, el g\u00e9nero, el tipo de contacto\u2026 No siempre siento celos, pero s\u00ed me he dado cuenta que los celos no son malos en esencia. Son normales y hasta saludables en una relaci\u00f3n profunda\u2026 Sin embargo, estamos acostumbrados a enterarnos de historias en las que hay invasi\u00f3n, posesi\u00f3n, conductas que parecen grotescas e irracionales\u2026 Y en escenarios tan radicales es donde, normalmente, acomodamos la definici\u00f3n de \u201ccelos\u201d. En escenarios de pel\u00edcula de terror en donde hay novios o novias psic\u00f3patas, o admiradores que s\u00f3lo se sabotean al invadir m\u00e1s al sujeto de su deseo\u2026 \u00c9sa, es una de muchas versiones de celos, no es la \u00fanica. Como lo menciono en el t\u00edtulo: hasta en los celos hay razas\u2026<\/p>\n<figure id=\"attachment_16\" aria-describedby=\"caption-attachment-16\" style=\"width: 300px\" class=\"wp-caption alignnone\"><a href=\"http:\/\/psicologosyterapiadf.com.mx\/blog\/wp-content\/uploads\/2015\/07\/razascelos.jpg\"><img decoding=\"async\" loading=\"lazy\" class=\"size-medium wp-image-16\" src=\"http:\/\/psicologosyterapiadf.com.mx\/blog\/wp-content\/uploads\/2015\/07\/razascelos-300x114.jpg\" alt=\"razas de celos\" width=\"300\" height=\"114\" srcset=\"https:\/\/psicologosyterapiadf.com.mx\/blog\/wp-content\/uploads\/2015\/07\/razascelos-300x114.jpg 300w, https:\/\/psicologosyterapiadf.com.mx\/blog\/wp-content\/uploads\/2015\/07\/razascelos.jpg 600w\" sizes=\"(max-width: 300px) 100vw, 300px\" \/><\/a><figcaption id=\"caption-attachment-16\" class=\"wp-caption-text\">Como en los perros en los celos tambi\u00e9n hay razas<\/figcaption><\/figure>\n<p>Tenemos celos con pedigree sofisticados y elegantes, y tenemos celos que son una cruza de emociones desorganizadas que s\u00f3lo lastiman a otra persona y nos terminan hiriendo, celos cuidados, y celos rabiosos, celos entrenados y celos destructivos, celos guardianes que cuidan una relaci\u00f3n y permiten introspecci\u00f3n y celos de pelea. Creo que los celos son un ingrediente en un v\u00ednculo rico y complejo, pero, esta afirmaci\u00f3n no justifica que uno invada o dependa ca\u00f3ticamente de una persona.<\/p>\n<p>No es malo sentir celos, tampoco es saludable reprimirlos, pero creo que s\u00ed es padre poderlos expresar con cuidado para hacer m\u00e1s estrecha una relaci\u00f3n\u2026 Tambi\u00e9n es una paradoja que cuando se expresan con delicadeza y consideraci\u00f3n hacia la otra persona\u2026 tienden a modularse. As\u00ed que la pr\u00f3xima vez que sientas celos, no luches contra esa emoci\u00f3n (pero tambi\u00e9n ten cuidado con desbordarla), te est\u00e1 permitiendo conocerte, te est\u00e1 permitiendo tener una relaci\u00f3n m\u00e1s compleja e intensa con alguien.<\/p>\n<p>Arturo Hern\u00e1ndez Vera, especialista en dependencia emocional, infidelidad, celos y resolver ruptura de pareja<br \/>\nPsic\u00f3logos y terapia individual y de pareja en el D.F.<br \/>\nartherver@yahoo.com.mx<br \/>\n0445530729624<\/p>\n","protected":false},"excerpt":{"rendered":"<p>Hasta en los celos hay razas Durante mucho tiempo pens\u00e9 que los celos eran una manifestaci\u00f3n de inseguridad y baja autoestima, de personas patol\u00f3gicamente dependientes y primitvas\u2026 &nbsp; As\u00ed pensaba de los celos, hasta que los sent\u00ed. Entonces, me he dado cuenta que con el paso de los a\u00f1os me he vuelto m\u00e1s celoso, ir\u00f3nicamente, &hellip; <a href=\"https:\/\/psicologosyterapiadf.com.mx\/blog\/282-2\/\" class=\"more-link\">Seguir leyendo <span class=\"screen-reader-text\">Hasta en los celos hay razas<\/span> <span class=\"meta-nav\">&rarr;<\/span><\/a><\/p>\n","protected":false},"author":1,"featured_media":0,"parent":0,"menu_order":0,"comment_status":"open","ping_status":"open","template":"","meta":[],"_links":{"self":[{"href":"https:\/\/psicologosyterapiadf.com.mx\/blog\/wp-json\/wp\/v2\/pages\/282"}],"collection":[{"href":"https:\/\/psicologosyterapiadf.com.mx\/blog\/wp-json\/wp\/v2\/pages"}],"about":[{"href":"https:\/\/psicologosyterapiadf.com.mx\/blog\/wp-json\/wp\/v2\/types\/page"}],"author":[{"embeddable":true,"href":"https:\/\/psicologosyterapiadf.com.mx\/blog\/wp-json\/wp\/v2\/users\/1"}],"replies":[{"embeddable":true,"href":"https:\/\/psicologosyterapiadf.com.mx\/blog\/wp-json\/wp\/v2\/comments?post=282"}],"version-history":[{"count":0,"href":"https:\/\/psicologosyterapiadf.com.mx\/blog\/wp-json\/wp\/v2\/pages\/282\/revisions"}],"wp:attachment":[{"href":"https:\/\/psicologosyterapiadf.com.mx\/blog\/wp-json\/wp\/v2\/media?parent=282"}],"curies":[{"name":"wp","href":"https:\/\/api.w.org\/{rel}","templated":true}]}}