{"id":2451,"date":"2017-04-29T20:33:05","date_gmt":"2017-04-30T02:33:05","guid":{"rendered":"http:\/\/psicologosyterapiadf.com.mx\/blog\/?page_id=2451"},"modified":"2017-04-29T20:33:20","modified_gmt":"2017-04-30T02:33:20","slug":"terapeutasdepareja-colonia-del-valle-mexico-df","status":"publish","type":"page","link":"https:\/\/psicologosyterapiadf.com.mx\/blog\/terapeutasdepareja-colonia-del-valle-mexico-df\/","title":{"rendered":"TerapeutasdePareja Colonia del Valle, M\u00e9xico, D.F."},"content":{"rendered":"<p>TerapeutasdePareja Colonia del Valle<\/p>\n<p><img decoding=\"async\" loading=\"lazy\" class=\"alignnone\" src=\"http:\/\/www.terapiadepareja-df.com.mx\/images\/psicologos%20en%20el%20df.png\" alt=\"Psic\u00f3logos DF, Psic\u00f3loga CDMX, Terapia DF, Terapia CDMX, Terapia en l\u00ednea M\u00e9xico, Terapia de pareja, Terapia de pareja, Psic\u00f3logos en D.F., CDMX, TerapeutasdePareja Colonia del Valle, M\u00e9xico, D.F.\" width=\"55\" height=\"55\" \/><\/p>\n<p>Tel\u00e9fono:\u00a0<a class=\"telefono\" href=\"tel:0445526691626\">0445526691626<\/a><\/p>\n<p>Correo electr\u00f3nico:<br \/>\nCorreo: <a href=\"mailto:terapiadeparejadf@gmail.com\" target=\"_blank\">terapiadeparejadf@gmail.com<\/a><\/p>\n<p>Providencia #1412, Colonia del Valle. Entre Tlacoquemecatl y Miguel Laurent. Delegaci\u00f3n Benito Ju\u00e1rez, CDMX., CDMX, D.F. Distrito Federal<\/p>\n<p><iframe loading=\"lazy\" style=\"border: 0;\" src=\"https:\/\/www.google.com\/maps\/embed?pb=!1m18!1m12!1m3!1d3763.804738210405!2d-99.17421648552663!3d19.37760568691559!2m3!1f0!2f0!3f0!3m2!1i1024!2i768!4f13.1!3m3!1m2!1s0x85d1ff9946f66253%3A0x512f1cc7a5e4d5f6!2sCalle+Providencia+1412%2C+Tlacoquemecatl+del+Valle%2C+03200+Ciudad+de+M%C3%A9xico%2C+CDMX!5e0!3m2!1ses!2smx!4v1493519488646\" width=\"600\" height=\"450\" frameborder=\"0\" allowfullscreen=\"allowfullscreen\"><\/iframe><\/p>\n","protected":false},"excerpt":{"rendered":"<p>TerapeutasdePareja Colonia del Valle Tel\u00e9fono:\u00a00445526691626 Correo electr\u00f3nico: Correo: terapiadeparejadf@gmail.com Providencia #1412, Colonia del Valle. Entre Tlacoquemecatl y Miguel Laurent. Delegaci\u00f3n Benito Ju\u00e1rez, CDMX., CDMX, D.F. Distrito Federal<\/p>\n","protected":false},"author":1,"featured_media":0,"parent":0,"menu_order":0,"comment_status":"closed","ping_status":"closed","template":"","meta":[],"_links":{"self":[{"href":"https:\/\/psicologosyterapiadf.com.mx\/blog\/wp-json\/wp\/v2\/pages\/2451"}],"collection":[{"href":"https:\/\/psicologosyterapiadf.com.mx\/blog\/wp-json\/wp\/v2\/pages"}],"about":[{"href":"https:\/\/psicologosyterapiadf.com.mx\/blog\/wp-json\/wp\/v2\/types\/page"}],"author":[{"embeddable":true,"href":"https:\/\/psicologosyterapiadf.com.mx\/blog\/wp-json\/wp\/v2\/users\/1"}],"replies":[{"embeddable":true,"href":"https:\/\/psicologosyterapiadf.com.mx\/blog\/wp-json\/wp\/v2\/comments?post=2451"}],"version-history":[{"count":0,"href":"https:\/\/psicologosyterapiadf.com.mx\/blog\/wp-json\/wp\/v2\/pages\/2451\/revisions"}],"wp:attachment":[{"href":"https:\/\/psicologosyterapiadf.com.mx\/blog\/wp-json\/wp\/v2\/media?parent=2451"}],"curies":[{"name":"wp","href":"https:\/\/api.w.org\/{rel}","templated":true}]}}