{"id":2317,"date":"2017-04-24T22:29:37","date_gmt":"2017-04-25T04:29:37","guid":{"rendered":"http:\/\/psicologosyterapiadf.com.mx\/blog\/?page_id=2317"},"modified":"2017-07-24T19:36:10","modified_gmt":"2017-07-25T01:36:10","slug":"centro-api-mexico-d-f","status":"publish","type":"page","link":"https:\/\/psicologosyterapiadf.com.mx\/blog\/centro-api-mexico-d-f\/","title":{"rendered":"Centro API, M\u00e9xico, D.F."},"content":{"rendered":"<p><script async src=\"\/\/pagead2.googlesyndication.com\/pagead\/js\/adsbygoogle.js\"><\/script><br \/>\n<!-- Anuncio 1 --><br \/>\n<ins class=\"adsbygoogle\" style=\"display: inline-block; width: 300px; height: 250px;\" data-ad-client=\"ca-pub-3339317326966671\" data-ad-slot=\"9147716542\"><\/ins><br \/>\n<script>\n(adsbygoogle = window.adsbygoogle || []).push({});\n<\/script><\/p>\n<p>Centro API<\/p>\n<p><img decoding=\"async\" loading=\"lazy\" class=\"alignnone\" src=\"https:\/\/image.jimcdn.com\/app\/cms\/image\/transf\/dimension=184x10000:format=png\/path\/sa2ed4cca50b86f46\/image\/id2a8d5de63b93977\/version\/1484516037\/image.png\" alt=\"Psic\u00f3logos DF, Psic\u00f3loga CDMX, Terapia DF, Terapia CDMX, Terapia en l\u00ednea M\u00e9xico, Terapia de pareja, Terapia de pareja, \u00a0Psic\u00f3logos en D.F., \u00a0CDMX, \u00a0Centro API, M\u00e9xico, D.F.\" width=\"184\" height=\"119\" \/><\/p>\n<p><script async src=\"\/\/pagead2.googlesyndication.com\/pagead\/js\/adsbygoogle.js\"><\/script><br \/>\n<!-- Anuncio 1 --><br \/>\n<ins class=\"adsbygoogle\" style=\"display: inline-block; width: 300px; height: 250px;\" data-ad-client=\"ca-pub-3339317326966671\" data-ad-slot=\"9147716542\"><\/ins><br \/>\n<script>\n(adsbygoogle = window.adsbygoogle || []).push({});\n<\/script><\/p>\n<p>Tel\u00e9fono: <a class=\"telefono\" href=\"tel: (55) 67951043\"> (55) 67951043<\/a><br \/>\nSitio Web:<\/p>\n<p><a href=\"https:\/\/www.centroapi.com.mx\/\">https:\/\/www.centroapi.com.mx\/<\/a><\/p>\n<p>&nbsp;<\/p>\n<p><script async src=\"\/\/pagead2.googlesyndication.com\/pagead\/js\/adsbygoogle.js\"><\/script><br \/>\n<!-- Anuncio 1 --><br \/>\n<ins class=\"adsbygoogle\" style=\"display: inline-block; width: 300px; height: 250px;\" data-ad-client=\"ca-pub-3339317326966671\" data-ad-slot=\"9147716542\"><\/ins><br \/>\n<script>\n(adsbygoogle = window.adsbygoogle || []).push({});\n<\/script><\/p>\n<p><em><strong>Av. Cuauht\u00e9moc 1140 \u2013 302, Col. Letr\u00e1n Valle, Del. Benito Ju\u00e1rez, Ciudad de M\u00e9xico, CDMX, D.F. Distrito Federal\u00a0<\/strong><\/em><\/p>\n<p><iframe loading=\"lazy\" style=\"border: 0;\" src=\"https:\/\/www.google.com\/maps\/embed?pb=!1m18!1m12!1m3!1d3763.8366892674294!2d-99.16196068579333!3d19.37622274750347!2m3!1f0!2f0!3f0!3m2!1i1024!2i768!4f13.1!3m3!1m2!1s0x85d1ffa456722149%3A0xd6ccc7c5745dfb0!2sAvenida+Cuauht%C3%A9moc+1140%2C+Letran+Valle%2C+03650+Ciudad+de+M%C3%A9xico%2C+CDMX!5e0!3m2!1ses!2smx!4v1493094539118\" width=\"600\" height=\"450\" frameborder=\"0\" allowfullscreen=\"allowfullscreen\"><\/iframe><\/p>\n","protected":false},"excerpt":{"rendered":"<p>Centro API Tel\u00e9fono: (55) 67951043 Sitio Web: https:\/\/www.centroapi.com.mx\/ &nbsp; Av. Cuauht\u00e9moc 1140 \u2013 302, Col. Letr\u00e1n Valle, Del. Benito Ju\u00e1rez, Ciudad de M\u00e9xico, CDMX, D.F. Distrito Federal\u00a0<\/p>\n","protected":false},"author":1,"featured_media":0,"parent":0,"menu_order":0,"comment_status":"closed","ping_status":"closed","template":"","meta":[],"_links":{"self":[{"href":"https:\/\/psicologosyterapiadf.com.mx\/blog\/wp-json\/wp\/v2\/pages\/2317"}],"collection":[{"href":"https:\/\/psicologosyterapiadf.com.mx\/blog\/wp-json\/wp\/v2\/pages"}],"about":[{"href":"https:\/\/psicologosyterapiadf.com.mx\/blog\/wp-json\/wp\/v2\/types\/page"}],"author":[{"embeddable":true,"href":"https:\/\/psicologosyterapiadf.com.mx\/blog\/wp-json\/wp\/v2\/users\/1"}],"replies":[{"embeddable":true,"href":"https:\/\/psicologosyterapiadf.com.mx\/blog\/wp-json\/wp\/v2\/comments?post=2317"}],"version-history":[{"count":0,"href":"https:\/\/psicologosyterapiadf.com.mx\/blog\/wp-json\/wp\/v2\/pages\/2317\/revisions"}],"wp:attachment":[{"href":"https:\/\/psicologosyterapiadf.com.mx\/blog\/wp-json\/wp\/v2\/media?parent=2317"}],"curies":[{"name":"wp","href":"https:\/\/api.w.org\/{rel}","templated":true}]}}