{"id":2314,"date":"2017-04-24T22:22:01","date_gmt":"2017-04-25T04:22:01","guid":{"rendered":"http:\/\/psicologosyterapiadf.com.mx\/blog\/?page_id=2314"},"modified":"2017-04-24T22:22:01","modified_gmt":"2017-04-25T04:22:01","slug":"hipnoterapia-mexico-mexico-df","status":"publish","type":"page","link":"https:\/\/psicologosyterapiadf.com.mx\/blog\/hipnoterapia-mexico-mexico-df\/","title":{"rendered":"Hipnoterapia M\u00e9xico, M\u00e9xico, D.F."},"content":{"rendered":"<p>Hipnoterapia M\u00e9xico<\/p>\n<p><img decoding=\"async\" loading=\"lazy\" class=\"alignnone\" src=\"http:\/\/www.hipnoterapia-mexico.com\/images\/logo_hipnoterapia.gif\" alt=\"Psic\u00f3logos DF, Psic\u00f3loga CDMX, Terapia DF, Terapia CDMX, Terapia en l\u00ednea M\u00e9xico, Terapia de pareja, Terapia de pareja,  Psic\u00f3logos en D.F.,  CDMX, Hipnoterapia M\u00e9xico, M\u00e9xico, D.F. \" width=\"370\" height=\"105\" \/><\/p>\n<p>Tel\u00e9fono:\u00a0<a class=\"telefono\" href=\"tel:&lt;strong&gt; 04455 2109 6542 &lt;\/strong&gt;\"><strong> 04455 2109 6542<\/strong><\/a><\/p>\n<p>Sitio Web:<\/p>\n<p><a href=\"http:\/\/www.hipnoterapia-mexico.com\/contacto.html\">http:\/\/www.hipnoterapia-mexico.com\/contacto.html<\/a><\/p>\n<p>&nbsp;<\/p>\n<p>R\u00edo Amazonas 57-103 Col. Cuauht\u00e9moc,\u00a0Ciudad de M\u00e9xico, CDMX, D.F. Distrito Federal<br \/>\n<iframe loading=\"lazy\" style=\"border: 0;\" src=\"https:\/\/www.google.com\/maps\/embed?pb=!1m18!1m12!1m3!1d3762.5654660967534!2d-99.16604018579248!3d19.431172145763124!2m3!1f0!2f0!3f0!3m2!1i1024!2i768!4f13.1!3m3!1m2!1s0x85d1ff34c8996f3b%3A0x90ae55cb16251c61!2sR%C3%ADo+Amazonas+57%2C+Col.+Renacimiento%2C+Cuauht%C3%A9moc%2C+06500+Ciudad+de+M%C3%A9xico%2C+CDMX!5e0!3m2!1ses!2smx!4v1493093948136\" width=\"600\" height=\"450\" frameborder=\"0\" allowfullscreen=\"allowfullscreen\"><\/iframe><\/p>\n","protected":false},"excerpt":{"rendered":"<p>Hipnoterapia M\u00e9xico Tel\u00e9fono:\u00a0 04455 2109 6542 Sitio Web: http:\/\/www.hipnoterapia-mexico.com\/contacto.html &nbsp; R\u00edo Amazonas 57-103 Col. Cuauht\u00e9moc,\u00a0Ciudad de M\u00e9xico, CDMX, D.F. Distrito Federal<\/p>\n","protected":false},"author":1,"featured_media":0,"parent":0,"menu_order":0,"comment_status":"closed","ping_status":"closed","template":"","meta":[],"_links":{"self":[{"href":"https:\/\/psicologosyterapiadf.com.mx\/blog\/wp-json\/wp\/v2\/pages\/2314"}],"collection":[{"href":"https:\/\/psicologosyterapiadf.com.mx\/blog\/wp-json\/wp\/v2\/pages"}],"about":[{"href":"https:\/\/psicologosyterapiadf.com.mx\/blog\/wp-json\/wp\/v2\/types\/page"}],"author":[{"embeddable":true,"href":"https:\/\/psicologosyterapiadf.com.mx\/blog\/wp-json\/wp\/v2\/users\/1"}],"replies":[{"embeddable":true,"href":"https:\/\/psicologosyterapiadf.com.mx\/blog\/wp-json\/wp\/v2\/comments?post=2314"}],"version-history":[{"count":0,"href":"https:\/\/psicologosyterapiadf.com.mx\/blog\/wp-json\/wp\/v2\/pages\/2314\/revisions"}],"wp:attachment":[{"href":"https:\/\/psicologosyterapiadf.com.mx\/blog\/wp-json\/wp\/v2\/media?parent=2314"}],"curies":[{"name":"wp","href":"https:\/\/api.w.org\/{rel}","templated":true}]}}