{"id":2285,"date":"2017-04-23T18:26:46","date_gmt":"2017-04-24T00:26:46","guid":{"rendered":"http:\/\/psicologosyterapiadf.com.mx\/blog\/?page_id=2285"},"modified":"2017-04-23T18:54:47","modified_gmt":"2017-04-24T00:54:47","slug":"mesas-de-dulces-snacks-y-postres-ciudad-de-mexico-distrito-federal-df-cdmx","status":"publish","type":"page","link":"https:\/\/psicologosyterapiadf.com.mx\/blog\/mesas-de-dulces-snacks-y-postres-ciudad-de-mexico-distrito-federal-df-cdmx\/","title":{"rendered":"Mesas de dulces snacks y postres Ciudad de M\u00e9xico Distrito Federal DF CDMX"},"content":{"rendered":"<p><img decoding=\"async\" loading=\"lazy\" class=\"aligncenter wp-image-2288 size-large\" src=\"http:\/\/psicologosyterapiadf.com.mx\/blog\/wp-content\/uploads\/2017\/04\/IMG_1900-1024x1024.jpg\" alt=\"Mesas de dulces snacks y postres Ciudad de M\u00e9xico Distrito Federal DF CDMX\" width=\"474\" height=\"474\" srcset=\"https:\/\/psicologosyterapiadf.com.mx\/blog\/wp-content\/uploads\/2017\/04\/IMG_1900-1024x1024.jpg 1024w, https:\/\/psicologosyterapiadf.com.mx\/blog\/wp-content\/uploads\/2017\/04\/IMG_1900-150x150.jpg 150w, https:\/\/psicologosyterapiadf.com.mx\/blog\/wp-content\/uploads\/2017\/04\/IMG_1900-300x300.jpg 300w, https:\/\/psicologosyterapiadf.com.mx\/blog\/wp-content\/uploads\/2017\/04\/IMG_1900-768x768.jpg 768w, https:\/\/psicologosyterapiadf.com.mx\/blog\/wp-content\/uploads\/2017\/04\/IMG_1900.jpg 1264w\" sizes=\"(max-width: 474px) 100vw, 474px\" \/><\/p>\n<p style=\"text-align: center;\"><strong>Mesas de dulces snacks y postres Ciudad de M\u00e9xico Distrito Federal DF CDMX<\/strong><\/p>\n<p><img decoding=\"async\" loading=\"lazy\" class=\"aligncenter wp-image-2289 size-large\" src=\"http:\/\/psicologosyterapiadf.com.mx\/blog\/wp-content\/uploads\/2017\/04\/IMG_1895-1024x576.jpg\" alt=\"Mesas de dulces snacks y postres Ciudad de M\u00e9xico Distrito Federal DF CDMX-2\" width=\"474\" height=\"267\" srcset=\"https:\/\/psicologosyterapiadf.com.mx\/blog\/wp-content\/uploads\/2017\/04\/IMG_1895-1024x576.jpg 1024w, https:\/\/psicologosyterapiadf.com.mx\/blog\/wp-content\/uploads\/2017\/04\/IMG_1895-300x169.jpg 300w, https:\/\/psicologosyterapiadf.com.mx\/blog\/wp-content\/uploads\/2017\/04\/IMG_1895-768x432.jpg 768w, https:\/\/psicologosyterapiadf.com.mx\/blog\/wp-content\/uploads\/2017\/04\/IMG_1895.jpg 2048w\" sizes=\"(max-width: 474px) 100vw, 474px\" \/><\/p>\n<p>Informes de mesas de dulces para sus eventos al Tel\u00e9fono: <a href=\"tel:\/\/5567852071\">5567852071<\/a><\/p>\n<p><a href=\"mailto:susiamaro@gmail.com\">Correo Mesas de Dulces, snacks y postres en M\u00e9xico DF<\/a><\/p>\n<p><img decoding=\"async\" loading=\"lazy\" class=\"aligncenter wp-image-2290 size-large\" src=\"http:\/\/psicologosyterapiadf.com.mx\/blog\/wp-content\/uploads\/2017\/04\/IMG_1897-1024x576.jpg\" alt=\"Mesas de dulces snacks y postres Ciudad de M\u00e9xico Distrito Federal DF CDMX-3\" width=\"474\" height=\"267\" srcset=\"https:\/\/psicologosyterapiadf.com.mx\/blog\/wp-content\/uploads\/2017\/04\/IMG_1897-1024x576.jpg 1024w, https:\/\/psicologosyterapiadf.com.mx\/blog\/wp-content\/uploads\/2017\/04\/IMG_1897-300x169.jpg 300w, https:\/\/psicologosyterapiadf.com.mx\/blog\/wp-content\/uploads\/2017\/04\/IMG_1897-768x432.jpg 768w, https:\/\/psicologosyterapiadf.com.mx\/blog\/wp-content\/uploads\/2017\/04\/IMG_1897.jpg 2048w\" sizes=\"(max-width: 474px) 100vw, 474px\" \/><\/p>\n<p>&nbsp;<\/p>\n<p><img decoding=\"async\" loading=\"lazy\" class=\"wp-image-2291 size-large aligncenter\" src=\"http:\/\/psicologosyterapiadf.com.mx\/blog\/wp-content\/uploads\/2017\/04\/IMG_1894-576x1024.jpg\" alt=\"Mesas de dulces snacks y postres Ciudad de M\u00e9xico Distrito Federal DF CDMX-4\" width=\"474\" height=\"843\" srcset=\"https:\/\/psicologosyterapiadf.com.mx\/blog\/wp-content\/uploads\/2017\/04\/IMG_1894-576x1024.jpg 576w, https:\/\/psicologosyterapiadf.com.mx\/blog\/wp-content\/uploads\/2017\/04\/IMG_1894-169x300.jpg 169w, https:\/\/psicologosyterapiadf.com.mx\/blog\/wp-content\/uploads\/2017\/04\/IMG_1894-768x1365.jpg 768w, https:\/\/psicologosyterapiadf.com.mx\/blog\/wp-content\/uploads\/2017\/04\/IMG_1894.jpg 1152w\" sizes=\"(max-width: 474px) 100vw, 474px\" \/><\/p>\n<p>&nbsp;<\/p>\n<p><img decoding=\"async\" loading=\"lazy\" class=\"wp-image-2292 size-large aligncenter\" src=\"http:\/\/psicologosyterapiadf.com.mx\/blog\/wp-content\/uploads\/2017\/04\/IMG_1896-1024x576.jpg\" alt=\"Mesas de dulces snacks y postres Ciudad de M\u00e9xico Distrito Federal DF CDMX-4\" width=\"474\" height=\"267\" srcset=\"https:\/\/psicologosyterapiadf.com.mx\/blog\/wp-content\/uploads\/2017\/04\/IMG_1896-1024x576.jpg 1024w, https:\/\/psicologosyterapiadf.com.mx\/blog\/wp-content\/uploads\/2017\/04\/IMG_1896-300x169.jpg 300w, https:\/\/psicologosyterapiadf.com.mx\/blog\/wp-content\/uploads\/2017\/04\/IMG_1896-768x432.jpg 768w, https:\/\/psicologosyterapiadf.com.mx\/blog\/wp-content\/uploads\/2017\/04\/IMG_1896.jpg 2048w\" sizes=\"(max-width: 474px) 100vw, 474px\" \/><\/p>\n<p><img decoding=\"async\" loading=\"lazy\" class=\"aligncenter wp-image-2293 size-large\" src=\"http:\/\/psicologosyterapiadf.com.mx\/blog\/wp-content\/uploads\/2017\/04\/IMG_1898-1024x1024.jpg\" alt=\"Mesas de dulces snacks y postres Ciudad de M\u00e9xico Distrito Federal DF CDMX-5\" width=\"474\" height=\"474\" srcset=\"https:\/\/psicologosyterapiadf.com.mx\/blog\/wp-content\/uploads\/2017\/04\/IMG_1898-1024x1024.jpg 1024w, https:\/\/psicologosyterapiadf.com.mx\/blog\/wp-content\/uploads\/2017\/04\/IMG_1898-150x150.jpg 150w, https:\/\/psicologosyterapiadf.com.mx\/blog\/wp-content\/uploads\/2017\/04\/IMG_1898-300x300.jpg 300w, https:\/\/psicologosyterapiadf.com.mx\/blog\/wp-content\/uploads\/2017\/04\/IMG_1898-768x768.jpg 768w, https:\/\/psicologosyterapiadf.com.mx\/blog\/wp-content\/uploads\/2017\/04\/IMG_1898.jpg 1256w\" sizes=\"(max-width: 474px) 100vw, 474px\" \/><\/p>\n<p><img decoding=\"async\" loading=\"lazy\" class=\"aligncenter size-large wp-image-2295\" src=\"http:\/\/psicologosyterapiadf.com.mx\/blog\/wp-content\/uploads\/2017\/04\/IMG_1899-1024x1024.jpg\" alt=\"Mesas de dulces snacks y postres Ciudad de M\u00e9xico Distrito Federal DF CDMX-6\" width=\"474\" height=\"474\" srcset=\"https:\/\/psicologosyterapiadf.com.mx\/blog\/wp-content\/uploads\/2017\/04\/IMG_1899-1024x1024.jpg 1024w, https:\/\/psicologosyterapiadf.com.mx\/blog\/wp-content\/uploads\/2017\/04\/IMG_1899-150x150.jpg 150w, https:\/\/psicologosyterapiadf.com.mx\/blog\/wp-content\/uploads\/2017\/04\/IMG_1899-300x300.jpg 300w, https:\/\/psicologosyterapiadf.com.mx\/blog\/wp-content\/uploads\/2017\/04\/IMG_1899-768x768.jpg 768w, https:\/\/psicologosyterapiadf.com.mx\/blog\/wp-content\/uploads\/2017\/04\/IMG_1899.jpg 1271w\" sizes=\"(max-width: 474px) 100vw, 474px\" \/><\/p>\n<p>Distribuci\u00f3n para sus fiestas y eventos \u00a0en la Ciudad de M\u00e9xico, Distrito Federal, DF, CDMX.<\/p>\n<p><img decoding=\"async\" loading=\"lazy\" class=\"aligncenter size-large wp-image-2296\" src=\"http:\/\/psicologosyterapiadf.com.mx\/blog\/wp-content\/uploads\/2017\/04\/IMG_1901-1024x1024.jpg\" alt=\"Mesas de dulces snacks y postres Ciudad de M\u00e9xico Distrito Federal DF CDMX-7\" width=\"474\" height=\"474\" srcset=\"https:\/\/psicologosyterapiadf.com.mx\/blog\/wp-content\/uploads\/2017\/04\/IMG_1901-1024x1024.jpg 1024w, https:\/\/psicologosyterapiadf.com.mx\/blog\/wp-content\/uploads\/2017\/04\/IMG_1901-150x150.jpg 150w, https:\/\/psicologosyterapiadf.com.mx\/blog\/wp-content\/uploads\/2017\/04\/IMG_1901-300x300.jpg 300w, https:\/\/psicologosyterapiadf.com.mx\/blog\/wp-content\/uploads\/2017\/04\/IMG_1901-768x768.jpg 768w, https:\/\/psicologosyterapiadf.com.mx\/blog\/wp-content\/uploads\/2017\/04\/IMG_1901.jpg 1263w\" sizes=\"(max-width: 474px) 100vw, 474px\" \/><\/p>\n<p><img decoding=\"async\" loading=\"lazy\" class=\"aligncenter size-large wp-image-2298\" src=\"http:\/\/psicologosyterapiadf.com.mx\/blog\/wp-content\/uploads\/2017\/04\/IMG_1893-1024x576.jpg\" alt=\"Mesas de dulces snacks y postres Ciudad de M\u00e9xico Distrito Federal DF CDMX-9\" width=\"474\" height=\"267\" srcset=\"https:\/\/psicologosyterapiadf.com.mx\/blog\/wp-content\/uploads\/2017\/04\/IMG_1893-1024x576.jpg 1024w, https:\/\/psicologosyterapiadf.com.mx\/blog\/wp-content\/uploads\/2017\/04\/IMG_1893-300x169.jpg 300w, https:\/\/psicologosyterapiadf.com.mx\/blog\/wp-content\/uploads\/2017\/04\/IMG_1893-768x432.jpg 768w, https:\/\/psicologosyterapiadf.com.mx\/blog\/wp-content\/uploads\/2017\/04\/IMG_1893.jpg 2048w\" sizes=\"(max-width: 474px) 100vw, 474px\" \/><\/p>\n<p><img decoding=\"async\" loading=\"lazy\" class=\"aligncenter size-large wp-image-2297\" src=\"http:\/\/psicologosyterapiadf.com.mx\/blog\/wp-content\/uploads\/2017\/04\/IMG_1902-1024x1024.jpg\" alt=\"Mesas de dulces snacks y postres Ciudad de M\u00e9xico Distrito Federal DF CDMX-8\" width=\"474\" height=\"474\" srcset=\"https:\/\/psicologosyterapiadf.com.mx\/blog\/wp-content\/uploads\/2017\/04\/IMG_1902-1024x1024.jpg 1024w, https:\/\/psicologosyterapiadf.com.mx\/blog\/wp-content\/uploads\/2017\/04\/IMG_1902-150x150.jpg 150w, https:\/\/psicologosyterapiadf.com.mx\/blog\/wp-content\/uploads\/2017\/04\/IMG_1902-300x300.jpg 300w, https:\/\/psicologosyterapiadf.com.mx\/blog\/wp-content\/uploads\/2017\/04\/IMG_1902-768x768.jpg 768w, https:\/\/psicologosyterapiadf.com.mx\/blog\/wp-content\/uploads\/2017\/04\/IMG_1902.jpg 1267w\" sizes=\"(max-width: 474px) 100vw, 474px\" \/><\/p>\n","protected":false},"excerpt":{"rendered":"<p>Mesas de dulces snacks y postres Ciudad de M\u00e9xico Distrito Federal DF CDMX Informes de mesas de dulces para sus eventos al Tel\u00e9fono: 5567852071 Correo Mesas de Dulces, snacks y postres en M\u00e9xico DF &nbsp; &nbsp; Distribuci\u00f3n para sus fiestas y eventos \u00a0en la Ciudad de M\u00e9xico, Distrito Federal, DF, CDMX.<\/p>\n","protected":false},"author":1,"featured_media":0,"parent":0,"menu_order":0,"comment_status":"closed","ping_status":"closed","template":"","meta":[],"_links":{"self":[{"href":"https:\/\/psicologosyterapiadf.com.mx\/blog\/wp-json\/wp\/v2\/pages\/2285"}],"collection":[{"href":"https:\/\/psicologosyterapiadf.com.mx\/blog\/wp-json\/wp\/v2\/pages"}],"about":[{"href":"https:\/\/psicologosyterapiadf.com.mx\/blog\/wp-json\/wp\/v2\/types\/page"}],"author":[{"embeddable":true,"href":"https:\/\/psicologosyterapiadf.com.mx\/blog\/wp-json\/wp\/v2\/users\/1"}],"replies":[{"embeddable":true,"href":"https:\/\/psicologosyterapiadf.com.mx\/blog\/wp-json\/wp\/v2\/comments?post=2285"}],"version-history":[{"count":0,"href":"https:\/\/psicologosyterapiadf.com.mx\/blog\/wp-json\/wp\/v2\/pages\/2285\/revisions"}],"wp:attachment":[{"href":"https:\/\/psicologosyterapiadf.com.mx\/blog\/wp-json\/wp\/v2\/media?parent=2285"}],"curies":[{"name":"wp","href":"https:\/\/api.w.org\/{rel}","templated":true}]}}