{"id":2266,"date":"2017-04-22T17:09:14","date_gmt":"2017-04-22T23:09:14","guid":{"rendered":"http:\/\/psicologosyterapiadf.com.mx\/blog\/?page_id=2266"},"modified":"2017-07-26T14:04:20","modified_gmt":"2017-07-26T20:04:20","slug":"clinicas-psicologicas-imago-mexico-df","status":"publish","type":"page","link":"https:\/\/psicologosyterapiadf.com.mx\/blog\/clinicas-psicologicas-imago-mexico-df\/","title":{"rendered":"Cl\u00ednicas Psicol\u00f3gicas IMAGO, M\u00e9xico, D.F."},"content":{"rendered":"<p><script async src=\"\/\/pagead2.googlesyndication.com\/pagead\/js\/adsbygoogle.js\"><\/script><br \/>\n<!-- Anuncio 1 --><br \/>\n<ins class=\"adsbygoogle\" style=\"display: inline-block; width: 300px; height: 250px;\" data-ad-client=\"ca-pub-3339317326966671\" data-ad-slot=\"9147716542\"><\/ins><br \/>\n<script>\n(adsbygoogle = window.adsbygoogle || []).push({});\n<\/script><\/p>\n<p>Cl\u00ednicas Psicol\u00f3gicas IMAGO<\/p>\n<p><script async src=\"\/\/pagead2.googlesyndication.com\/pagead\/js\/adsbygoogle.js\"><\/script><br \/>\n<!-- Anuncio 1 --><br \/>\n<ins class=\"adsbygoogle\" style=\"display: inline-block; width: 300px; height: 250px;\" data-ad-client=\"ca-pub-3339317326966671\" data-ad-slot=\"9147716542\"><\/ins><br \/>\n<script>\n(adsbygoogle = window.adsbygoogle || []).push({});\n<\/script><\/p>\n<p><img decoding=\"async\" loading=\"lazy\" class=\"alignnone\" src=\"https:\/\/s-media-cache-ak0.pinimg.com\/736x\/ae\/7f\/b5\/ae7fb5fdc789d018886cfb8f1bedaae1.jpg\" alt=\"Psic\u00f3logos DF, Psic\u00f3loga CDMX, Terapia DF, Terapia CDMX, Terapia en l\u00ednea M\u00e9xico, Terapia de pareja, Terapia de pareja, Psic\u00f3logos en D.F., CDMX, Cl\u00ednicas Psicol\u00f3gicas IMAGO, M\u00e9xico, D.F.\" width=\"312\" height=\"306\" \/><\/p>\n<p><script async src=\"\/\/pagead2.googlesyndication.com\/pagead\/js\/adsbygoogle.js\"><\/script><br \/>\n<!-- Anuncio 1 --><br \/>\n<ins class=\"adsbygoogle\" style=\"display: inline-block; width: 300px; height: 250px;\" data-ad-client=\"ca-pub-3339317326966671\" data-ad-slot=\"9147716542\"><\/ins><br \/>\n<script>\n(adsbygoogle = window.adsbygoogle || []).push({});\n<\/script><\/p>\n<p>Tel\u00e9fono: <a href=\"tel:\/\/01 55 3618 7918\">01 55 3618 7918<br \/>\n<\/a> (consulta previa cita)<\/p>\n<div>\n<div class=\"adr\">\n<p>Link Web:<br \/>\n<a href=\"http:\/\/www.imagoclinica.com\/\">http:\/\/www.imagoclinica.com\/<\/a><br \/>\nIgnacio Allende 182, Claveria, 02080, Ciudad de M\u00e9xico, CDMX, D.F. Distrito Federal<br \/>\n<iframe loading=\"lazy\" style=\"border: 0;\" src=\"https:\/\/www.google.com\/maps\/embed?pb=!1m18!1m12!1m3!1d3761.767166766299!2d-99.18150028552505!3d19.465602886865607!2m3!1f0!2f0!3f0!3m2!1i1024!2i768!4f13.1!3m3!1m2!1s0x85d1f89aa5a33d7f%3A0xe4293cdc4aa333c2!2sIgnacio+Allende+182%2C+Claveria%2C+02080+Ciudad+de+M%C3%A9xico%2C+CDMX!5e0!3m2!1ses!2smx!4v1492901898158\" width=\"600\" height=\"450\" frameborder=\"0\" allowfullscreen=\"allowfullscreen\"><\/iframe><\/p>\n<\/div>\n<\/div>\n","protected":false},"excerpt":{"rendered":"<p>Cl\u00ednicas Psicol\u00f3gicas IMAGO Tel\u00e9fono: 01 55 3618 7918 (consulta previa cita) Link Web: http:\/\/www.imagoclinica.com\/ Ignacio Allende 182, Claveria, 02080, Ciudad de M\u00e9xico, CDMX, D.F. Distrito Federal<\/p>\n","protected":false},"author":1,"featured_media":0,"parent":0,"menu_order":0,"comment_status":"closed","ping_status":"closed","template":"","meta":[],"_links":{"self":[{"href":"https:\/\/psicologosyterapiadf.com.mx\/blog\/wp-json\/wp\/v2\/pages\/2266"}],"collection":[{"href":"https:\/\/psicologosyterapiadf.com.mx\/blog\/wp-json\/wp\/v2\/pages"}],"about":[{"href":"https:\/\/psicologosyterapiadf.com.mx\/blog\/wp-json\/wp\/v2\/types\/page"}],"author":[{"embeddable":true,"href":"https:\/\/psicologosyterapiadf.com.mx\/blog\/wp-json\/wp\/v2\/users\/1"}],"replies":[{"embeddable":true,"href":"https:\/\/psicologosyterapiadf.com.mx\/blog\/wp-json\/wp\/v2\/comments?post=2266"}],"version-history":[{"count":0,"href":"https:\/\/psicologosyterapiadf.com.mx\/blog\/wp-json\/wp\/v2\/pages\/2266\/revisions"}],"wp:attachment":[{"href":"https:\/\/psicologosyterapiadf.com.mx\/blog\/wp-json\/wp\/v2\/media?parent=2266"}],"curies":[{"name":"wp","href":"https:\/\/api.w.org\/{rel}","templated":true}]}}