{"id":2183,"date":"2017-04-20T21:29:57","date_gmt":"2017-04-21T03:29:57","guid":{"rendered":"http:\/\/psicologosyterapiadf.com.mx\/blog\/?page_id=2183"},"modified":"2017-04-21T22:07:08","modified_gmt":"2017-04-22T04:07:08","slug":"instituto-de-psicoterapia-cognitivo-conductual-mexico-df","status":"publish","type":"page","link":"https:\/\/psicologosyterapiadf.com.mx\/blog\/instituto-de-psicoterapia-cognitivo-conductual-mexico-df\/","title":{"rendered":"Instituto de Psicoterapia Cognitivo conductual, M\u00e9xico, DF"},"content":{"rendered":"<p>Instituto de Psicoterapia Cognitivo, conductual<\/p>\n<p><img decoding=\"async\" loading=\"lazy\" class=\"alignnone\" src=\"https:\/\/s-media-cache-ak0.pinimg.com\/736x\/ae\/7f\/b5\/ae7fb5fdc789d018886cfb8f1bedaae1.jpg\" alt=\"Psic\u00f3logos DF, Psic\u00f3loga CDMX, Terapia DF, Terapia CDMX, Terapia en l\u00ednea M\u00e9xico, Terapia de pareja, Terapia de pareja,  Psic\u00f3logos en D.F.,  CDMX, Instituto de Psicoterapia Cognitivo conductual, M\u00e9xico, DF\" width=\"312\" height=\"306\" \/><\/p>\n<p>Tel\u00e9fono: <a href=\"tel:\/\/01 55 5523 0935\">01 55 5523 0935<br \/>\n<\/a> (consulta previa cita)<\/p>\n<div>\n<div class=\"adr\"><a href=\"http:\/\/www.tcognitiva.org\/\">http:\/\/www.tcognitiva.org\/<\/a>Eje 2 Pte. Gabriel Mancera esquina calle Ana Mar\u00eda Mier 111, Col del Valle Centro, 03100, Ciudad de M\u00e9xico, CDMX, D.F. Distrito Federal<br \/>\n<iframe loading=\"lazy\" style=\"border: 0;\" src=\"https:\/\/www.google.com\/maps\/embed?pb=!1m18!1m12!1m3!1d3763.3308916219585!2d-99.16371808552627!3d19.398104086903892!2m3!1f0!2f0!3f0!3m2!1i1024!2i768!4f13.1!3m3!1m2!1s0x85d1ff11f1d1ecdf%3A0x7bc5d9fe8f44eeb4!2sINSTITUTO+DE+PSICOTERAPIA+COGNITIVO+CONDUCTUAL!5e0!3m2!1ses!2smx!4v1492745175401\" width=\"600\" height=\"450\" frameborder=\"0\" allowfullscreen=\"allowfullscreen\"><\/iframe><\/div>\n<\/div>\n","protected":false},"excerpt":{"rendered":"<p>Instituto de Psicoterapia Cognitivo, conductual Tel\u00e9fono: 01 55 5523 0935 (consulta previa cita) http:\/\/www.tcognitiva.org\/Eje 2 Pte. Gabriel Mancera esquina calle Ana Mar\u00eda Mier 111, Col del Valle Centro, 03100, Ciudad de M\u00e9xico, CDMX, D.F. Distrito Federal<\/p>\n","protected":false},"author":1,"featured_media":0,"parent":0,"menu_order":0,"comment_status":"closed","ping_status":"closed","template":"","meta":[],"_links":{"self":[{"href":"https:\/\/psicologosyterapiadf.com.mx\/blog\/wp-json\/wp\/v2\/pages\/2183"}],"collection":[{"href":"https:\/\/psicologosyterapiadf.com.mx\/blog\/wp-json\/wp\/v2\/pages"}],"about":[{"href":"https:\/\/psicologosyterapiadf.com.mx\/blog\/wp-json\/wp\/v2\/types\/page"}],"author":[{"embeddable":true,"href":"https:\/\/psicologosyterapiadf.com.mx\/blog\/wp-json\/wp\/v2\/users\/1"}],"replies":[{"embeddable":true,"href":"https:\/\/psicologosyterapiadf.com.mx\/blog\/wp-json\/wp\/v2\/comments?post=2183"}],"version-history":[{"count":0,"href":"https:\/\/psicologosyterapiadf.com.mx\/blog\/wp-json\/wp\/v2\/pages\/2183\/revisions"}],"wp:attachment":[{"href":"https:\/\/psicologosyterapiadf.com.mx\/blog\/wp-json\/wp\/v2\/media?parent=2183"}],"curies":[{"name":"wp","href":"https:\/\/api.w.org\/{rel}","templated":true}]}}