{"id":2049,"date":"2017-04-15T20:25:15","date_gmt":"2017-04-16T02:25:15","guid":{"rendered":"http:\/\/psicologosyterapiadf.com.mx\/blog\/?page_id=2049"},"modified":"2017-04-21T21:04:52","modified_gmt":"2017-04-22T03:04:52","slug":"psicoterapeuta-alejandro-canton-mamutoff-ciudad-de-mexico","status":"publish","type":"page","link":"https:\/\/psicologosyterapiadf.com.mx\/blog\/psicoterapeuta-alejandro-canton-mamutoff-ciudad-de-mexico\/","title":{"rendered":"Psicoterapeuta Alejandro Cant\u00f3n Mamutoff, Ciudad de M\u00e9xico"},"content":{"rendered":"<p>Psicoterapeuta Alejandro Cant\u00f3n Mamutoff<\/p>\n<p><img decoding=\"async\" loading=\"lazy\" class=\"alignnone\" src=\"http:\/\/www.colegiodesemiologia.net\/images\/directorio\/a_canton.jpg\" alt=\"Psic\u00f3logos DF, Psic\u00f3loga CDMX, Terapia DF, Terapia CDMX, Terapia en l\u00ednea M\u00e9xico, Terapia de pareja, Terapia de pareja,  Psic\u00f3logos en D.F., Psicoterapeuta Alejandro Cant\u00f3n Mamutoff, Ciudad de M\u00e9xico\" width=\"229\" height=\"277\" \/><\/p>\n<p>Tel\u00e9fono: <a href=\"tel:\/\/044 (55) 2560 7330 \">044 (55) 2560 7330<br \/>\n<\/a> (consulta previa cita)<\/p>\n<div>\n<div class=\"adr\">\n<p>Correo: <a href=\"mailto: a.canton@semiologia.net \" target=\"_blank\">a.canton@semiologia.net<br \/>\n<\/a><\/p>\n<p>Instituto Semiolog\u00eda, S.C.<br \/>\nBosques de Las Lomas, Bosque de Cidros 46, Bosques de las Lomas, 05120 Ciudad de M\u00e9xico, CDMX, Distrito Federal, DF.<\/p>\n<p><iframe loading=\"lazy\" style=\"border: 0;\" src=\"https:\/\/www.google.com\/maps\/embed?pb=!1m18!1m12!1m3!1d3763.557630806546!2d-99.25586068584842!3d19.388298047121538!2m3!1f0!2f0!3f0!3m2!1i1024!2i768!4f13.1!3m3!1m2!1s0x85d201199d7bebfd%3A0x5807b120ebd1b067!2sInstituto+Semiolog%C3%ADa%2C+S.C.!5e0!3m2!1ses!2smx!4v1492198414083\" width=\"600\" height=\"450\" frameborder=\"0\" allowfullscreen=\"allowfullscreen\"><\/iframe><\/p>\n<\/div>\n<\/div>\n","protected":false},"excerpt":{"rendered":"<p>Psicoterapeuta Alejandro Cant\u00f3n Mamutoff Tel\u00e9fono: 044 (55) 2560 7330 (consulta previa cita) Correo: a.canton@semiologia.net Instituto Semiolog\u00eda, S.C. Bosques de Las Lomas, Bosque de Cidros 46, Bosques de las Lomas, 05120 Ciudad de M\u00e9xico, CDMX, Distrito Federal, DF.<\/p>\n","protected":false},"author":1,"featured_media":0,"parent":0,"menu_order":0,"comment_status":"closed","ping_status":"closed","template":"","meta":[],"_links":{"self":[{"href":"https:\/\/psicologosyterapiadf.com.mx\/blog\/wp-json\/wp\/v2\/pages\/2049"}],"collection":[{"href":"https:\/\/psicologosyterapiadf.com.mx\/blog\/wp-json\/wp\/v2\/pages"}],"about":[{"href":"https:\/\/psicologosyterapiadf.com.mx\/blog\/wp-json\/wp\/v2\/types\/page"}],"author":[{"embeddable":true,"href":"https:\/\/psicologosyterapiadf.com.mx\/blog\/wp-json\/wp\/v2\/users\/1"}],"replies":[{"embeddable":true,"href":"https:\/\/psicologosyterapiadf.com.mx\/blog\/wp-json\/wp\/v2\/comments?post=2049"}],"version-history":[{"count":0,"href":"https:\/\/psicologosyterapiadf.com.mx\/blog\/wp-json\/wp\/v2\/pages\/2049\/revisions"}],"wp:attachment":[{"href":"https:\/\/psicologosyterapiadf.com.mx\/blog\/wp-json\/wp\/v2\/media?parent=2049"}],"curies":[{"name":"wp","href":"https:\/\/api.w.org\/{rel}","templated":true}]}}