{"id":1622,"date":"2016-11-13T17:13:39","date_gmt":"2016-11-13T23:13:39","guid":{"rendered":"http:\/\/psicologosyterapiadf.com.mx\/blog\/?page_id=1622"},"modified":"2017-10-24T20:03:38","modified_gmt":"2017-10-25T02:03:38","slug":"psicologos-y-terapia-telefonica-y-en-linea-en-espanol-desde-mexico-df-cdmx","status":"publish","type":"page","link":"https:\/\/psicologosyterapiadf.com.mx\/blog\/psicologos-y-terapia-telefonica-y-en-linea-en-espanol-desde-mexico-df-cdmx\/","title":{"rendered":"Psic\u00f3logos y terapia telef\u00f3nica y en l\u00ednea en espa\u00f1ol desde M\u00e9xico, DF, CDMX"},"content":{"rendered":"<p>Psic\u00f3logos y terapia en l\u00ednea<\/p>\n<p><img decoding=\"async\" loading=\"lazy\" class=\"size-full wp-image-1621 aligncenter\" src=\"http:\/\/psicologosyterapiadf.com.mx\/blog\/wp-content\/uploads\/2016\/11\/psicologos-terapia-en-linea-espa\u00f1ol-Mexico-DF-cdmx-online-therapy.jpg\" alt=\"psicologos-terapia-en-linea-espanol-mexico-df-cdmx-online-therapy\" width=\"288\" height=\"180\" \/><\/p>\n<p>&nbsp;<\/p>\n<p>Servicios en l\u00ednea de atenci\u00f3n psicol\u00f3gica desde M\u00e9xico<\/p>\n<p>Pide informes de Terapia en l\u00ednea para adultos a:<\/p>\n<div class=\"ficha_premium_cuerpo\">\n<div class=\"ficha_premium_texto_full\">\n<p class=\"destacado\"><strong><span class=\"tel\"><a href=\"tel:\/\/5530729624\">0445530729624<\/a><\/span><\/strong><\/p>\n<\/div>\n<\/div>\n<div class=\"ficha_premium_cuerpo\">\n<div class=\"ficha_premium_texto_full\">\n<p class=\"destacado\"><span style=\"line-height: 1.5;\">Correo: <a href=\"http:\/\/artherver@yahoo.com.mx\" target=\"_blank\">artherver@yahoo.com.mx<\/a><\/span><\/p>\n<\/div>\n<\/div>\n<p>\u00bfCu\u00e1les son las ventajas de iniciar un proceso de terapia en l\u00ednea o por tel\u00e9fono con un psic\u00f3logo?<\/p>\n<p>1. Evita tr\u00e1fico y desplazamientos.<\/p>\n<p>A veces es complicado moverse por la ciudad en horas pico, ah\u00f3rrate la tensi\u00f3n del tr\u00e1nsito.<\/p>\n<p>2. Ahorra tiempo.<\/p>\n<p>Puedes recibir atenci\u00f3n psicol\u00f3gica personalizada en tu oficina o en tu hogar, sin hacer grandes modificaciones en tu agenda.<\/p>\n<p>3. Continuidad.<\/p>\n<p>Disminuye las posibilidades de romper tu proceso de terapia por mudanzas o viajes.<\/p>\n<p>4. Ahorro.<\/p>\n<p>Adem\u00e1s de ahorrar en tiempo y energ\u00eda, puedes acceder a un servicio m\u00e1s accesible que en otros lugares.<\/p>\n<p>5. Control y comodidad.<\/p>\n<p>El paciente puede encontrarse m\u00e1s c\u00f3modo y enfocar esa energ\u00eda en tratar su problem\u00e1tica con mayor disposici\u00f3n en sus sesiones de terapia en l\u00ednea.<\/p>\n<p>&nbsp;<\/p>\n<p>6. Practicidad.<\/p>\n<p>Aceptamos tarjetas de d\u00e9bito o cr\u00e9dito (American Express, VISA y Mastercard) para pagar tus sesiones de terapia en l\u00ednea.<\/p>\n<p>&nbsp;<\/p>\n<p>Psic\u00f3logos y Terapia en l\u00ednea para adultos desde M\u00e9xico, DF, CDMX<\/p>\n<p>&nbsp;<\/p>\n<p>En Psic\u00f3logos y Terapia DF contamos con terapia en l\u00ednea para adultos con la intenci\u00f3n de poder apoyarte sin que tengas que salir de tu hogar, trabajo o incluso si te hallas en otro pa\u00eds. S\u00f3lo necesitas acceso a un tel\u00e9fono o conexi\u00f3n a internet y una cuenta en Skype o Whatsapp.<\/p>\n<p>Es necesario se\u00f1alar que la diferencia entre una terapia en l\u00ednea o telef\u00f3nica y una sesi\u00f3n de terapia en persona cara a cara implica una v\u00eda de comunicaci\u00f3n distinta, que no se opone a los beneficios de la atenci\u00f3n psicol\u00f3gica presencial<\/p>\n<p>\u00bfPor qu\u00e9 iniciar un poreceso de terapia en l\u00ednea o por tel\u00e9fono con un psic\u00f3logo?<\/p>\n<p>Porque la distancia ya no supone un motivo para no atender problemas psicol\u00f3gicos.<\/p>\n<p>El objetivo de la terapia en l\u00ednea es el mismo que el de la terapia cara a cara: lograr cambios favorables en las emociones del paciente que atiende el psic\u00f3logo.<\/p>\n<p>Contamos con a\u00f1os de experiencia brindando terapia en l\u00ednea y terapia telef\u00f3nica a pacientes de M\u00e9xico y de otros pa\u00edses, sin que la distancia represente un obst\u00e1culo para que alguien se sienta comprendido y comience a ver cambio en su vida.<\/p>\n<p>\u00bfC\u00f3mo funciona la terapia en linea con un psic\u00f3logo?<\/p>\n<ol>\n<li>Explica tu situaci\u00f3n para iniciar un porceso de terapia en l\u00ednea o por tel\u00e9fono a la siguiente direcci\u00f3n:<\/li>\n<\/ol>\n<div class=\"ficha_premium_cuerpo\">\n<div class=\"ficha_premium_texto_full\">\n<p class=\"destacado\"><span style=\"line-height: 1.5;\">Correo: <a href=\"http:\/\/artherver@yahoo.com.mx\" target=\"_blank\">artherver@yahoo.com.mx<\/a><\/span><\/p>\n<\/div>\n<\/div>\n<p>2. Agenda tu sesi\u00f3n de terapia en l\u00ednea o terapia telef\u00f3nica.<\/p>\n<p>3. El objetivo de la primera sesi\u00f3n de terapia en l\u00ednea o terapia telef\u00f3nica con el psic\u00f3logo tiene el objetivo de que te sientas m\u00e1s tranquil@ despu\u00e9s de la primera consulta.<\/p>\n<p>4. Se te indicar\u00e1 con lcaridad como funciona el trabajo de terapia en l\u00ednea o terapia telef\u00f3nica con un psic\u00f3logo.<\/p>\n<p>5. Si en alg\u00fan momento necesitas un encuentro presencial o requieres factura electr\u00f3nica o alg\u00fan documento que resplade el proceso de trabajo de tu terapia en l\u00ednea con el psic\u00f3logo, puedes acudir a nuestras instalaciones en:<\/p>\n<p class=\"destacado\"><span class=\"street-address\">Divisi\u00f3n Del Norte # 313, Colonia del Valle, Del. Benito Ju\u00e1rez<br \/>\n<\/span><\/p>\n<p class=\"destacado\">M\u00e9xico, Distrito Federal, DF, CDMX, CP03100<\/p>\n<p>&nbsp;<\/p>\n<p><iframe loading=\"lazy\" style=\"border: 0;\" src=\"https:\/\/www.google.com\/maps\/embed?pb=!1m18!1m12!1m3!1d3763.418194048489!2d-99.17001368509392!3d19.394328986906043!2m3!1f0!2f0!3f0!3m2!1i1024!2i768!4f13.1!3m3!1m2!1s0x85d1ff0d2d7b0c0b%3A0x760ba5bf917fd58d!2sPsicol%C3%B3gos+y+terapia+DF+CDMX!5e0!3m2!1ses!2smx!4v1472813217233\" width=\"400\" height=\"300\" frameborder=\"0\" allowfullscreen=\"allowfullscreen\"><\/iframe><\/p>\n<p>IMPORTANTE: PREGUNTA POR NUESTROS DESCUENTOS EN PAGO DE 5 SESIONES.<\/p>\n<p>Cualquier duda que tengas acerca de terapia en l\u00ednea con un psic\u00f3logo desde M\u00e9xico, DF, por favor comun\u00edcate por los siguientes medios:<\/p>\n<div class=\"ficha_premium_cuerpo\">\n<div class=\"ficha_premium_texto_full\">\n<p class=\"destacado\"><strong><span class=\"tel\"><a href=\"tel:\/\/5530729624\">0445530729624<\/a><\/span><\/strong><\/p>\n<p class=\"destacado\">\n<\/div>\n<\/div>\n<div class=\"ficha_premium_cuerpo\">\n<div class=\"ficha_premium_texto_full\">\n<p class=\"destacado\"><span style=\"line-height: 1.5;\">Correo: <a href=\"http:\/\/artherver@yahoo.com.mx\" target=\"_blank\">artherver@yahoo.com.mx<\/a><\/span><\/p>\n<\/div>\n<\/div>\n","protected":false},"excerpt":{"rendered":"<p>Psic\u00f3logos y terapia en l\u00ednea &nbsp; Servicios en l\u00ednea de atenci\u00f3n psicol\u00f3gica desde M\u00e9xico Pide informes de Terapia en l\u00ednea para adultos a: 0445530729624 Correo: artherver@yahoo.com.mx \u00bfCu\u00e1les son las ventajas de iniciar un proceso de terapia en l\u00ednea o por tel\u00e9fono con un psic\u00f3logo? 1. Evita tr\u00e1fico y desplazamientos. A veces es complicado moverse por &hellip; <a href=\"https:\/\/psicologosyterapiadf.com.mx\/blog\/psicologos-y-terapia-telefonica-y-en-linea-en-espanol-desde-mexico-df-cdmx\/\" class=\"more-link\">Seguir leyendo <span class=\"screen-reader-text\">Psic\u00f3logos y terapia telef\u00f3nica y en l\u00ednea en espa\u00f1ol desde M\u00e9xico, DF, CDMX<\/span> <span class=\"meta-nav\">&rarr;<\/span><\/a><\/p>\n","protected":false},"author":1,"featured_media":0,"parent":0,"menu_order":0,"comment_status":"closed","ping_status":"closed","template":"page-templates\/full-width.php","meta":[],"_links":{"self":[{"href":"https:\/\/psicologosyterapiadf.com.mx\/blog\/wp-json\/wp\/v2\/pages\/1622"}],"collection":[{"href":"https:\/\/psicologosyterapiadf.com.mx\/blog\/wp-json\/wp\/v2\/pages"}],"about":[{"href":"https:\/\/psicologosyterapiadf.com.mx\/blog\/wp-json\/wp\/v2\/types\/page"}],"author":[{"embeddable":true,"href":"https:\/\/psicologosyterapiadf.com.mx\/blog\/wp-json\/wp\/v2\/users\/1"}],"replies":[{"embeddable":true,"href":"https:\/\/psicologosyterapiadf.com.mx\/blog\/wp-json\/wp\/v2\/comments?post=1622"}],"version-history":[{"count":0,"href":"https:\/\/psicologosyterapiadf.com.mx\/blog\/wp-json\/wp\/v2\/pages\/1622\/revisions"}],"wp:attachment":[{"href":"https:\/\/psicologosyterapiadf.com.mx\/blog\/wp-json\/wp\/v2\/media?parent=1622"}],"curies":[{"name":"wp","href":"https:\/\/api.w.org\/{rel}","templated":true}]}}